{"id":4676,"date":"2023-11-14T02:14:26","date_gmt":"2023-11-14T02:14:26","guid":{"rendered":"https:\/\/uoogear.com\/product\/waterproof-inflatable-house-air-tent-outdoor-inflatable-camping-tent\/"},"modified":"2023-11-30T02:53:16","modified_gmt":"2023-11-30T02:53:16","slug":"waterproof-inflatable-house-air-tent-outdoor-inflatable-camping-tent","status":"publish","type":"product","link":"https:\/\/uoogear.com\/sv\/produkt\/waterproof-inflatable-house-air-tent-outdoor-inflatable-camping-tent\/","title":{"rendered":"Vattent\u00e4tt uppbl\u00e5sbart husluftt\u00e4lt Utomhus uppbl\u00e5sbart campingt\u00e4lt"},"content":{"rendered":"<ul>\n<li><strong>Modellnummer : <\/strong> B12<\/li>\n<li><strong>Tyg: <\/strong> PVC, 100%Polysator<\/li>\n<li><strong>Yttert\u00e4lt Vattent\u00e4tt Index: <\/strong> &gt;3000 mm<\/li>\n<li><strong>Nedre vattent\u00e4ta index: <\/strong> &gt;3000 mm<\/li>\n<li><strong>Byggnadstyp: <\/strong> Snabb automatisk \u00f6ppning, snabb\u00f6ppning<\/li>\n<li><strong>T\u00e4ltstil: <\/strong> Rak stagtyp<\/li>\n<li><strong>S\u00e4song : <\/strong> Fyras\u00e4songst\u00e4lt, Sommart\u00e4lt, Fyras\u00e4songst\u00e4lt<\/li>\n<li><strong>Struktur: <\/strong> Ett sovrum<\/li>\n<li><strong>Produktnamn : <\/strong> Uppbl\u00e5sbara campingt\u00e4lt<\/li>\n<li><strong>S\u00f6kande: <\/strong> Utomhus aktiviteter<\/li>\n<li><strong>Logotyp : <\/strong> Acceptera anpassad logotyp<\/li>\n<li><strong>MOQ: <\/strong> 1 del<\/li>\n<li><strong>Material: <\/strong> 100% Polysestertyg<\/li>\n<li><strong>F\u00f6rpackning: <\/strong> Stark kartong<\/li>\n<li><strong>Tillbeh\u00f6r : <\/strong> Pinnar+rep<\/li>\n<\/ul>\n<div>\n<div data-magic-global=\"%7B%22bizId%22%3A2212793521237%2C%22pageId%22%3A21239893411%2C%22siteId%22%3A10003212050%7D\">\n<div>\n<div data-section=\"AliMagic-1pfbhp\" data-section-title=\"Products Description\">Produktbeskrivning<\/div>\n<\/div>\n<div>\n<div><img decoding=\"async\" src=\"\/\/sc04.alicdn.com\/kf\/H39acda60763541bb882c0675a549caa5d\/255148517\/H39acda60763541bb882c0675a549caa5d.jpg\" data-src=\"\/\/sc04.alicdn.com\/kf\/H39acda60763541bb882c0675a549caa5d\/255148517\/H39acda60763541bb882c0675a549caa5d.jpg\" \/><\/div>\n<div><img decoding=\"async\" src=\"\/\/sc04.alicdn.com\/kf\/Hda248840036e434fa64310eda118d15f8\/255148517\/Hda248840036e434fa64310eda118d15f8.jpg\" data-src=\"\/\/sc04.alicdn.com\/kf\/Hda248840036e434fa64310eda118d15f8\/255148517\/Hda248840036e434fa64310eda118d15f8.jpg\" \/><\/div>\n<div><img decoding=\"async\" src=\"\/\/sc04.alicdn.com\/kf\/H88ba3936ae6c49d4891449f196e780ffi\/255148517\/H88ba3936ae6c49d4891449f196e780ffi.jpg\" data-src=\"\/\/sc04.alicdn.com\/kf\/H88ba3936ae6c49d4891449f196e780ffi\/255148517\/H88ba3936ae6c49d4891449f196e780ffi.jpg\" \/><\/div>\n<div><img decoding=\"async\" src=\"\/\/sc04.alicdn.com\/kf\/Hc0e6bf39ce6d402691b9663c8f892d58N\/255148517\/Hc0e6bf39ce6d402691b9663c8f892d58N.jpg\" data-src=\"\/\/sc04.alicdn.com\/kf\/Hc0e6bf39ce6d402691b9663c8f892d58N\/255148517\/Hc0e6bf39ce6d402691b9663c8f892d58N.jpg\" \/><\/div>\n<\/div>\n<div>\n<div>\n<div>\n<div>\n<div><\/div>\n<\/div>\n<\/div>\n<\/div>\n<\/div>\n<\/div>\n<\/div>","protected":false},"excerpt":{"rendered":"<p>Modellnummer : B12 Tyg : PVC, 100%Polysester Yttert\u00e4lt Vattent\u00e4t Index : &gt;3000 mm Vattent\u00e4t bottenindex : &gt;3000 mm Byggnadstyp : Snabb automatisk \u00f6ppning, Snabb\u00f6ppnande T\u00e4ltstil : Rak stagtyp S\u00e4song : Fyrs\u00e4songst\u00e4lt, Sommart\u00e4lt, Fyra -s\u00e4song tant Struktur : Ett sovrum Produktnamn : Uppbl\u00e5sbara campingt\u00e4lt S\u00f6kande : Utomhus<\/p>\n<div class=\"read-more\"><a class=\"btn btn-fill-out\" href=\"https:\/\/uoogear.com\/sv\/produkt\/waterproof-inflatable-house-air-tent-outdoor-inflatable-camping-tent\/\">L\u00e4s mer<\/a><\/div>","protected":false},"featured_media":4675,"template":"","meta":[],"product_brand":[],"product_cat":[15],"product_tag":[],"class_list":{"0":"post-4676","1":"product","2":"type-product","3":"status-publish","4":"has-post-thumbnail","6":"product_cat-uncategorized","7":"tm-no-options","9":"first","10":"instock","11":"shipping-taxable","12":"purchasable","13":"product-type-variable"},"_links":{"self":[{"href":"https:\/\/uoogear.com\/sv\/wp-json\/wp\/v2\/product\/4676","targetHints":{"allow":["GET"]}}],"collection":[{"href":"https:\/\/uoogear.com\/sv\/wp-json\/wp\/v2\/product"}],"about":[{"href":"https:\/\/uoogear.com\/sv\/wp-json\/wp\/v2\/types\/product"}],"wp:featuredmedia":[{"embeddable":true,"href":"https:\/\/uoogear.com\/sv\/wp-json\/wp\/v2\/media\/4675"}],"wp:attachment":[{"href":"https:\/\/uoogear.com\/sv\/wp-json\/wp\/v2\/media?parent=4676"}],"wp:term":[{"taxonomy":"product_brand","embeddable":true,"href":"https:\/\/uoogear.com\/sv\/wp-json\/wp\/v2\/product_brand?post=4676"},{"taxonomy":"product_cat","embeddable":true,"href":"https:\/\/uoogear.com\/sv\/wp-json\/wp\/v2\/product_cat?post=4676"},{"taxonomy":"product_tag","embeddable":true,"href":"https:\/\/uoogear.com\/sv\/wp-json\/wp\/v2\/product_tag?post=4676"}],"curies":[{"name":"wp","href":"https:\/\/api.w.org\/{rel}","templated":true}]}}