{"id":4687,"date":"2023-11-14T02:15:18","date_gmt":"2023-11-14T02:15:18","guid":{"rendered":"https:\/\/uoogear.com\/product\/outdoor-large-family-camping-tent-waterproof-outdoor-canvas-air-cotton-glamping-inflatable-camping-tent\/"},"modified":"2023-11-30T02:51:51","modified_gmt":"2023-11-30T02:51:51","slug":"outdoor-large-family-camping-tent-waterproof-outdoor-canvas-air-cotton-glamping-inflatable-camping-tent","status":"publish","type":"product","link":"https:\/\/uoogear.com\/sv\/produkt\/outdoor-large-family-camping-tent-waterproof-outdoor-canvas-air-cotton-glamping-inflatable-camping-tent\/","title":{"rendered":"Utomhus Stort familjecampingt\u00e4lt Vattent\u00e4tt utomhusduk Luftbomull Glamping Uppbl\u00e5sbart campingt\u00e4lt"},"content":{"rendered":"<ul>\n<li><strong>Omr\u00e5de: <\/strong> 6,3 kvadratmeter<\/li>\n<li><strong>Tyg: <\/strong> Oxford<\/li>\n<li><strong>Yttert\u00e4lt Vattent\u00e4tt Index: <\/strong> 1000-1500 mm<\/li>\n<li><strong>Nedre vattent\u00e4ta index: <\/strong> 1000-1500 mm<\/li>\n<li><strong>Byggnadstyp: <\/strong> Snabb automatisk \u00f6ppning<\/li>\n<li><strong>T\u00e4ltstil: <\/strong> R\u00f6rtyp t\u00e4ltstake<\/li>\n<li><strong>S\u00e4song : <\/strong> Fyra s\u00e4songst\u00e4lt<\/li>\n<li><strong>Struktur: <\/strong> Ett sovrum och ett vardagsrum<\/li>\n<li><strong>Produktnamn : <\/strong> Uppbl\u00e5sbart campingt\u00e4lt<\/li>\n<li><strong>Storlek: <\/strong> 300x210x200 cm<\/li>\n<li><strong>F\u00e4rg : <\/strong> Quicksand Gold (anpassningsbar f\u00e4rg)<\/li>\n<li><strong>Logotyp : <\/strong> Anpassad logotyp acceptera<\/li>\n<li><strong>MOQ: <\/strong> 1 set<\/li>\n<li><strong>Nyckelord: <\/strong> Luftr\u00f6rst\u00e4lt<\/li>\n<li><strong>Material: <\/strong> 210G polyester bomull+pvc<\/li>\n<li><strong>OEM\/ODM: <\/strong> Acceptabelt<\/li>\n<li><strong>Funktion: <\/strong> Camping utomhus<\/li>\n<li><strong>Anv\u00e4ndning: <\/strong> Utomhuscamping Vandring Resa<\/li>\n<\/ul>\n<div>\n<div data-magic-global=\"%7B%22bizId%22%3A2212793521237%2C%22pageId%22%3A21200285495%2C%22siteId%22%3A10003212050%7D\">\n<div>\n<div data-section=\"AliMagic-34rhn3\" data-section-title=\"Products Description\"><\/div>\n<\/div>\n<div>\n<div data-section=\"AliMagic-6smcmb\" data-section-title=\"Details Images\">Detaljer Bilder<\/div>\n<\/div>\n<div>\n<div>\n<div><img decoding=\"async\" src=\"\/\/sc04.alicdn.com\/kf\/H8acc636776d54a4db8d801ddd99a3fd5R\/255148517\/H8acc636776d54a4db8d801ddd99a3fd5R.jpg\" data-src=\"\/\/sc04.alicdn.com\/kf\/H8acc636776d54a4db8d801ddd99a3fd5R\/255148517\/H8acc636776d54a4db8d801ddd99a3fd5R.jpg\" \/><\/div>\n<div><img decoding=\"async\" src=\"\/\/sc04.alicdn.com\/kf\/H8ec188c83b96483f9fbaf685d7bc7fe1I\/255148517\/H8ec188c83b96483f9fbaf685d7bc7fe1I.jpg\" data-src=\"\/\/sc04.alicdn.com\/kf\/H8ec188c83b96483f9fbaf685d7bc7fe1I\/255148517\/H8ec188c83b96483f9fbaf685d7bc7fe1I.jpg\" \/><\/div>\n<div><img decoding=\"async\" src=\"\/\/sc04.alicdn.com\/kf\/H982dbf063cc145979b94090d0edd35860\/255148517\/H982dbf063cc145979b94090d0edd35860.jpg\" data-src=\"\/\/sc04.alicdn.com\/kf\/H982dbf063cc145979b94090d0edd35860\/255148517\/H982dbf063cc145979b94090d0edd35860.jpg\" \/><\/div>\n<div><img decoding=\"async\" src=\"\/\/sc04.alicdn.com\/kf\/H87ed69d73ee0441893570a4b36096b0fD\/255148517\/H87ed69d73ee0441893570a4b36096b0fD.jpg\" data-src=\"\/\/sc04.alicdn.com\/kf\/H87ed69d73ee0441893570a4b36096b0fD\/255148517\/H87ed69d73ee0441893570a4b36096b0fD.jpg\" \/><\/div>\n<div><img decoding=\"async\" src=\"\/\/sc04.alicdn.com\/kf\/H9a27e33591dc4f3a915df9e02ccf989bk\/255148517\/H9a27e33591dc4f3a915df9e02ccf989bk.jpg\" data-src=\"\/\/sc04.alicdn.com\/kf\/H9a27e33591dc4f3a915df9e02ccf989bk\/255148517\/H9a27e33591dc4f3a915df9e02ccf989bk.jpg\" \/><\/div>\n<div><img decoding=\"async\" src=\"\/\/sc04.alicdn.com\/kf\/Hd192c14ec4e94d2ab78785ab09d480aaP\/255148517\/Hd192c14ec4e94d2ab78785ab09d480aaP.jpg\" data-src=\"\/\/sc04.alicdn.com\/kf\/Hd192c14ec4e94d2ab78785ab09d480aaP\/255148517\/Hd192c14ec4e94d2ab78785ab09d480aaP.jpg\" \/><\/div>\n<div><img decoding=\"async\" src=\"\/\/sc04.alicdn.com\/kf\/Hf55c29374e44478db53923ddb0d1d95bn\/255148517\/Hf55c29374e44478db53923ddb0d1d95bn.jpg\" data-src=\"\/\/sc04.alicdn.com\/kf\/Hf55c29374e44478db53923ddb0d1d95bn\/255148517\/Hf55c29374e44478db53923ddb0d1d95bn.jpg\" \/><\/div>\n<div><img decoding=\"async\" src=\"\/\/sc04.alicdn.com\/kf\/H78152f2f5f2744aeafe44263694d4430R\/255148517\/H78152f2f5f2744aeafe44263694d4430R.jpg\" data-src=\"\/\/sc04.alicdn.com\/kf\/H78152f2f5f2744aeafe44263694d4430R\/255148517\/H78152f2f5f2744aeafe44263694d4430R.jpg\" \/><\/div>\n<div><\/div>\n<\/div>\n<\/div>\n<div>\n<div>\n<div>\n<div>\n<div>\n<div><img decoding=\"async\" src=\"\/\/sc04.alicdn.com\/kf\/He9c856cc41994feb9bbd9f3d9db22c3fs\/255148517\/He9c856cc41994feb9bbd9f3d9db22c3fs.jpg\" data-src=\"\/\/sc04.alicdn.com\/kf\/He9c856cc41994feb9bbd9f3d9db22c3fs\/255148517\/He9c856cc41994feb9bbd9f3d9db22c3fs.jpg\" \/><\/div>\n<\/div>\n<\/div>\n<\/div>\n<\/div>\n<\/div>\n<div><\/div>\n<div>\n<div>\n<div>\n<div>\n<div><\/div>\n<\/div>\n<\/div>\n<\/div>\n<\/div>\n<\/div>\n<\/div>","protected":false},"excerpt":{"rendered":"<p>Yta: 6,3 kvadratmeter Tyg: Oxford Yttert\u00e4lt Vattent\u00e4tt Index: 1000-1500 Mm Botten Vattent\u00e4t Index: 1000-1500 Mm Byggnadstyp: Snabbautomatisk \u00f6ppning T\u00e4ltstil: Typ av r\u00f6r T\u00e4ltst\u00e5ng S\u00e4song: Fyra-s\u00e4songs T\u00e4ltstruktur: Ett sovrum och ett Vardagsrum Produktnamn: Uppbl\u00e5sbart campingt\u00e4lt Storlek: 300x210x200cm<\/p>\n<div class=\"read-more\"><a class=\"btn btn-fill-out\" href=\"https:\/\/uoogear.com\/sv\/produkt\/outdoor-large-family-camping-tent-waterproof-outdoor-canvas-air-cotton-glamping-inflatable-camping-tent\/\">L\u00e4s mer<\/a><\/div>","protected":false},"featured_media":4686,"template":"","meta":[],"product_brand":[],"product_cat":[15],"product_tag":[],"class_list":{"0":"post-4687","1":"product","2":"type-product","3":"status-publish","4":"has-post-thumbnail","6":"product_cat-uncategorized","7":"tm-no-options","9":"first","10":"instock","11":"shipping-taxable","12":"purchasable","13":"product-type-variable"},"_links":{"self":[{"href":"https:\/\/uoogear.com\/sv\/wp-json\/wp\/v2\/product\/4687","targetHints":{"allow":["GET"]}}],"collection":[{"href":"https:\/\/uoogear.com\/sv\/wp-json\/wp\/v2\/product"}],"about":[{"href":"https:\/\/uoogear.com\/sv\/wp-json\/wp\/v2\/types\/product"}],"wp:featuredmedia":[{"embeddable":true,"href":"https:\/\/uoogear.com\/sv\/wp-json\/wp\/v2\/media\/4686"}],"wp:attachment":[{"href":"https:\/\/uoogear.com\/sv\/wp-json\/wp\/v2\/media?parent=4687"}],"wp:term":[{"taxonomy":"product_brand","embeddable":true,"href":"https:\/\/uoogear.com\/sv\/wp-json\/wp\/v2\/product_brand?post=4687"},{"taxonomy":"product_cat","embeddable":true,"href":"https:\/\/uoogear.com\/sv\/wp-json\/wp\/v2\/product_cat?post=4687"},{"taxonomy":"product_tag","embeddable":true,"href":"https:\/\/uoogear.com\/sv\/wp-json\/wp\/v2\/product_tag?post=4687"}],"curies":[{"name":"wp","href":"https:\/\/api.w.org\/{rel}","templated":true}]}}