{"id":4694,"date":"2023-11-14T02:16:01","date_gmt":"2023-11-14T02:16:01","guid":{"rendered":"https:\/\/uoogear.com\/product\/outdoor-camping-tent-oxford-waterproof-family-travel-camping-air-tent-inflatable-house-tent-camping\/"},"modified":"2023-11-30T02:54:56","modified_gmt":"2023-11-30T02:54:56","slug":"outdoor-camping-tent-oxford-waterproof-family-travel-camping-air-tent-inflatable-house-tent-camping","status":"publish","type":"product","link":"https:\/\/uoogear.com\/sv\/produkt\/outdoor-camping-tent-oxford-waterproof-family-travel-camping-air-tent-inflatable-house-tent-camping\/","title":{"rendered":"Utomhuscampingt\u00e4lt Oxford Vattent\u00e4tt Familjeresor Camping Luftt\u00e4lt Uppbl\u00e5sbart hus T\u00e4ltcamping"},"content":{"rendered":"<ul>\n<li><strong>Tyg: <\/strong> Oxford<\/li>\n<li><strong>Yttert\u00e4lt Vattent\u00e4tt Index: <\/strong> &gt;3000 mm<\/li>\n<li><strong>Nedre vattent\u00e4ta index: <\/strong> &gt;3000 mm<\/li>\n<li><strong>Byggnadstyp: <\/strong> Konstruktion baserat p\u00e5 behov<\/li>\n<li><strong>T\u00e4ltstil: <\/strong> R\u00f6rtyp t\u00e4ltstake<\/li>\n<li><strong>S\u00e4song : <\/strong> Fyra s\u00e4songst\u00e4lt<\/li>\n<li><strong>Struktur: <\/strong> Ett sovrum och ett vardagsrum<\/li>\n<li><strong>Produktnamn : <\/strong> Uppbl\u00e5sbart campingt\u00e4lt<\/li>\n<li><strong>Anv\u00e4ndning: <\/strong> Utomhusunderh\u00e5llning<\/li>\n<li><strong>Stil: <\/strong> Modern<\/li>\n<li><strong>F\u00e4rg : <\/strong> Gyllene sandf\u00e4rg<\/li>\n<li><strong>Ans\u00f6kan : <\/strong> Utomhusresor Camping<\/li>\n<li><strong>Storlek: <\/strong> 300*200*200<\/li>\n<li><strong>MOQ: <\/strong> 1 del<\/li>\n<li><strong>Material: <\/strong> PVC<\/li>\n<li><strong>Tillbeh\u00f6r : <\/strong> Pump+ b\u00e4rv\u00e4ska+ stakar+ rep<\/li>\n<li><strong>Funktion : <\/strong> Vattent\u00e4t<\/li>\n<\/ul>\n<div>\n<div data-magic-global=\"%7B%22bizId%22%3A2212793521237%2C%22pageId%22%3A21231715705%2C%22siteId%22%3A10003212050%7D\">\n<div>\n<div data-section=\"AliMagic-s5n59t\" data-section-title=\"Products Description\">Produktbeskrivning<\/div>\n<\/div>\n<div>\n<div>\n<table>\n<tbody>\n<tr>\n<td>\n<div><span style=\"color: #000000; font-family: Arial;\"><span data-spm-anchor-id=\"a2700.custom-template.0.i133.65b03333DKbf22\"><strong>produktnamn<\/strong><\/span><\/span><\/div>\n<\/td>\n<td>\n<div>T\u00e4lt<\/div>\n<\/td>\n<\/tr>\n<tr>\n<td>\n<div><span style=\"color: #000000; font-family: Arial;\"><strong>OEM MOQ<\/strong><\/span><\/div>\n<\/td>\n<td>\n<div><span style=\"font-family: Arial;\"><span data-spm-anchor-id=\"a2700.custom-template.0.i131.65b03333DKbf22\">Acceptera anpassat \/1 set prov<\/span><\/span><\/div>\n<\/td>\n<\/tr>\n<tr>\n<td>\n<div><span style=\"color: #000000; font-family: Arial;\"><strong>F\u00e4rg f\u00e4rg<\/strong><\/span><\/div>\n<\/td>\n<td>\n<div><span style=\"font-family: Arial;\"><span data-spm-anchor-id=\"a2700.custom-template.0.i132.65b03333DKbf22\">Som bild, acceptera anpassad<\/span><\/span><\/div>\n<\/td>\n<\/tr>\n<tr>\n<td>\n<div><span style=\"color: #000000; font-family: Arial;\"><span data-spm-anchor-id=\"a2700.custom-template.0.i158.65b03333DKbf22\"><strong>Kapacitet<\/strong><\/span><\/span><\/div>\n<\/td>\n<td>\n<div><span style=\"font-family: Arial;\">2\/3\/4\/5\/6\/7\/8 personer (anpassad kapacitet)<\/span><\/div>\n<\/td>\n<\/tr>\n<tr>\n<td>\n<div><strong>Storlek<\/strong><\/div>\n<\/td>\n<td>\n<div>Kan v\u00e4lja storlek p\u00e5 hyllprodukter, acceptera anpassad storlek<\/div>\n<\/td>\n<\/tr>\n<tr>\n<td>\n<div>\n<div><strong>Funktion<\/strong><\/div>\n<\/div>\n<\/td>\n<td>\n<div><span style=\"font-family: Arial;\">UV- och regnbest\u00e4ndig, Andas, F\u00f6rhindra Splendid, Stort utrymme, Stabil struktur, Bra ventilationsprestanda, Bred applikation, Liten storlek, L\u00e4tt att b\u00e4ra, Installation, Enkel Popup, Automatisk, Bekv\u00e4m<\/span><\/div>\n<\/td>\n<\/tr>\n<\/tbody>\n<\/table>\n<\/div>\n<\/div>\n<div>\n<div data-section=\"AliMagic-wto6wv\" data-section-title=\"Details Images\">Detaljer Bilder<\/div>\n<\/div>\n<div>\n<div>\n<div><img decoding=\"async\" src=\"\/\/sc04.alicdn.com\/kf\/H175e59dd22b24d43aa32ed0ae8d2c8747\/255148517\/H175e59dd22b24d43aa32ed0ae8d2c8747.jpg\" data-src=\"\/\/sc04.alicdn.com\/kf\/H175e59dd22b24d43aa32ed0ae8d2c8747\/255148517\/H175e59dd22b24d43aa32ed0ae8d2c8747.jpg\" \/><\/div>\n<div><img decoding=\"async\" src=\"\/\/sc04.alicdn.com\/kf\/Ha69c9c50ac4a4dfeb4542d27a1d2d8d8w\/255148517\/Ha69c9c50ac4a4dfeb4542d27a1d2d8d8w.jpg\" data-src=\"\/\/sc04.alicdn.com\/kf\/Ha69c9c50ac4a4dfeb4542d27a1d2d8d8w\/255148517\/Ha69c9c50ac4a4dfeb4542d27a1d2d8d8w.jpg\" \/><\/div>\n<div><img decoding=\"async\" src=\"\/\/sc04.alicdn.com\/kf\/H71375765a79d4e5fb38adf7881fae52fp\/255148517\/H71375765a79d4e5fb38adf7881fae52fp.jpg\" data-src=\"\/\/sc04.alicdn.com\/kf\/H71375765a79d4e5fb38adf7881fae52fp\/255148517\/H71375765a79d4e5fb38adf7881fae52fp.jpg\" \/><\/div>\n<div><img decoding=\"async\" src=\"\/\/sc04.alicdn.com\/kf\/H1e340aefde5040c380db9f816ea94926g\/255148517\/H1e340aefde5040c380db9f816ea94926g.jpg\" data-src=\"\/\/sc04.alicdn.com\/kf\/H1e340aefde5040c380db9f816ea94926g\/255148517\/H1e340aefde5040c380db9f816ea94926g.jpg\" \/><\/div>\n<div><img decoding=\"async\" src=\"\/\/sc04.alicdn.com\/kf\/H73c3d5646be443f7b7aad5cfee06d20fz\/255148517\/H73c3d5646be443f7b7aad5cfee06d20fz.jpg\" data-src=\"\/\/sc04.alicdn.com\/kf\/H73c3d5646be443f7b7aad5cfee06d20fz\/255148517\/H73c3d5646be443f7b7aad5cfee06d20fz.jpg\" \/><\/div>\n<div><img decoding=\"async\" src=\"\/\/sc04.alicdn.com\/kf\/Hf285a8c6ab5c4366ba38a13f7600a0ddK\/255148517\/Hf285a8c6ab5c4366ba38a13f7600a0ddK.jpg\" data-src=\"\/\/sc04.alicdn.com\/kf\/Hf285a8c6ab5c4366ba38a13f7600a0ddK\/255148517\/Hf285a8c6ab5c4366ba38a13f7600a0ddK.jpg\" \/><\/div>\n<div><img decoding=\"async\" src=\"\/\/sc04.alicdn.com\/kf\/H0e401b499b824011bd02b0b7531d80dce\/255148517\/H0e401b499b824011bd02b0b7531d80dce.jpg\" data-src=\"\/\/sc04.alicdn.com\/kf\/H0e401b499b824011bd02b0b7531d80dce\/255148517\/H0e401b499b824011bd02b0b7531d80dce.jpg\" \/><\/div>\n<div><img decoding=\"async\" src=\"\/\/sc04.alicdn.com\/kf\/H875b19078b6b4607b7cff487d79ce56aZ\/255148517\/H875b19078b6b4607b7cff487d79ce56aZ.jpg\" data-src=\"\/\/sc04.alicdn.com\/kf\/H875b19078b6b4607b7cff487d79ce56aZ\/255148517\/H875b19078b6b4607b7cff487d79ce56aZ.jpg\" \/><\/div>\n<\/div>\n<\/div>\n<div>\n<div data-section=\"AliMagic-7rnny9\" data-section-title=\"Related Products\"><\/div>\n<\/div>\n<div>\n<div>\n<div>\n<div>\n<div><\/div>\n<\/div>\n<\/div>\n<\/div>\n<\/div>\n<\/div>\n<\/div>","protected":false},"excerpt":{"rendered":"<p>Tyg: Oxford Yttert\u00e4lt Vattent\u00e4tt Index: &gt;3000 mm Botten Vattent\u00e4t Index: &gt;3000 mm Byggnadstyp: Konstruktion Baserat p\u00e5 behov T\u00e4ltstil: R\u00f6rtyp T\u00e4ltst\u00e5ng S\u00e4song: Fyra-s\u00e4songst\u00e4lt Struktur: Ett sovrum och ett vardagsrum Produktnamn: Uppbl\u00e5sbar Anv\u00e4ndning av campingt\u00e4lt: Utomhusunderh\u00e5llning Stil: Modernt<\/p>\n<div class=\"read-more\"><a class=\"btn btn-fill-out\" href=\"https:\/\/uoogear.com\/sv\/produkt\/outdoor-camping-tent-oxford-waterproof-family-travel-camping-air-tent-inflatable-house-tent-camping\/\">L\u00e4s mer<\/a><\/div>","protected":false},"featured_media":4693,"template":"","meta":[],"product_brand":[],"product_cat":[15],"product_tag":[],"class_list":{"0":"post-4694","1":"product","2":"type-product","3":"status-publish","4":"has-post-thumbnail","6":"product_cat-uncategorized","7":"tm-no-options","9":"first","10":"instock","11":"shipping-taxable","12":"purchasable","13":"product-type-variable"},"_links":{"self":[{"href":"https:\/\/uoogear.com\/sv\/wp-json\/wp\/v2\/product\/4694","targetHints":{"allow":["GET"]}}],"collection":[{"href":"https:\/\/uoogear.com\/sv\/wp-json\/wp\/v2\/product"}],"about":[{"href":"https:\/\/uoogear.com\/sv\/wp-json\/wp\/v2\/types\/product"}],"wp:featuredmedia":[{"embeddable":true,"href":"https:\/\/uoogear.com\/sv\/wp-json\/wp\/v2\/media\/4693"}],"wp:attachment":[{"href":"https:\/\/uoogear.com\/sv\/wp-json\/wp\/v2\/media?parent=4694"}],"wp:term":[{"taxonomy":"product_brand","embeddable":true,"href":"https:\/\/uoogear.com\/sv\/wp-json\/wp\/v2\/product_brand?post=4694"},{"taxonomy":"product_cat","embeddable":true,"href":"https:\/\/uoogear.com\/sv\/wp-json\/wp\/v2\/product_cat?post=4694"},{"taxonomy":"product_tag","embeddable":true,"href":"https:\/\/uoogear.com\/sv\/wp-json\/wp\/v2\/product_tag?post=4694"}],"curies":[{"name":"wp","href":"https:\/\/api.w.org\/{rel}","templated":true}]}}