{"id":4731,"date":"2023-11-14T02:21:06","date_gmt":"2023-11-14T02:21:06","guid":{"rendered":"https:\/\/uoogear.com\/product\/double-layer-automatic-family-tent-outdoor-camping-portable-travelling-tents\/"},"modified":"2023-11-30T02:52:53","modified_gmt":"2023-11-30T02:52:53","slug":"double-layer-automatic-family-tent-outdoor-camping-portable-travelling-tents","status":"publish","type":"product","link":"https:\/\/uoogear.com\/sv\/produkt\/double-layer-automatic-family-tent-outdoor-camping-portable-travelling-tents\/","title":{"rendered":"Dubbellagers automatiskt familjet\u00e4lt utomhuscamping b\u00e4rbara reset\u00e4lt"},"content":{"rendered":"<ul>\n<li><strong>Omr\u00e5de: <\/strong> 3 \u33a1<\/li>\n<li><strong>Tyg: <\/strong> Polyester<\/li>\n<li><strong>Yttert\u00e4lt Vattent\u00e4tt Index: <\/strong> 2000-3000 mm<\/li>\n<li><strong>Nedre vattent\u00e4ta index: <\/strong> 2000-3000 mm<\/li>\n<li><strong>Byggnadstyp: <\/strong> Snabb automatisk \u00f6ppning<\/li>\n<li><strong>T\u00e4ltstil: <\/strong> R\u00f6rtyp t\u00e4ltstake<\/li>\n<li><strong>S\u00e4song : <\/strong> Fyra s\u00e4songst\u00e4lt<\/li>\n<li><strong>Struktur: <\/strong> Ett sovrum<\/li>\n<li><strong>B\u00e5tplats: <\/strong> 3-4<\/li>\n<li><strong>Sovrum: <\/strong> 1<\/li>\n<li><strong>Vikt (kg) : <\/strong> 3.7<\/li>\n<li><strong>H\u00f6jd (cm) : <\/strong> 135<\/li>\n<li><strong>L\u00e4ngd (cm): <\/strong> 210<\/li>\n<li><strong>Bredd (cm): <\/strong> 240<\/li>\n<li><strong>vattent\u00e4t (mm): <\/strong> 2000-3000<\/li>\n<li><strong>St\u00e5ngmaterial: <\/strong> Glasfiber<\/li>\n<li><strong>F\u00e4rg : <\/strong> anpassning<\/li>\n<li><strong>Rekommenderad anv\u00e4ndning: <\/strong> t\u00e4lt<\/li>\n<\/ul>\n<div>\n<div data-magic-global=\"%7B%22bizId%22%3A2348173885%2C%22pageId%22%3A21049659631%2C%22siteId%22%3A5005127539%7D\">\n<div>\n<div>\n<div>\n<div>\n<div>\n<div><\/div>\n<\/div>\n<\/div>\n<\/div>\n<\/div>\n<\/div>\n<div>\n<div>\n<table>\n<tbody>\n<tr>\n<td>\n<div>\n<div data-spm-anchor-id=\"0.0.0.i16.3eaf4f05ECnIkX\">Flyga<\/div>\n<\/div>\n<\/td>\n<td>\n<div>\n<div data-spm-anchor-id=\"0.0.0.i33.3eaf4f05ECnIkX\">Polyuretan<\/div>\n<\/div>\n<\/td>\n<td>\n<div>\n<div>Inre<\/div>\n<\/div>\n<\/td>\n<td>\n<div>\n<div data-spm-anchor-id=\"0.0.0.i34.3eaf4f05ECnIkX\">B3 Mesh<\/div>\n<\/div>\n<\/td>\n<\/tr>\n<tr>\n<td>\n<div>\n<div>Skikten<\/div>\n<\/div>\n<\/td>\n<td>\n<div>\n<div data-spm-anchor-id=\"0.0.0.i39.3eaf4f05ECnIkX\">2<\/div>\n<\/div>\n<\/td>\n<td>\n<div>\n<div>Vattent\u00e4t<\/div>\n<\/div>\n<\/td>\n<td>\n<div>\n<div data-spm-anchor-id=\"0.0.0.i4.3eaf4f05uSBrU9\">2000-3000 mm<\/div>\n<\/div>\n<\/td>\n<\/tr>\n<tr>\n<td>\n<div>\n<div data-spm-anchor-id=\"a2700.siteadmin.0.i1.70a633332xVGCP\">gallerifull<\/div>\n<\/div>\n<\/td>\n<td>\n<div>\n<div data-spm-anchor-id=\"0.0.0.i13.3eaf4f05ECnIkX\">3-4<\/div>\n<\/div>\n<\/td>\n<td>\n<div>\n<div>Golv<\/div>\n<\/div>\n<\/td>\n<td>\n<div>\n<div data-spm-anchor-id=\"0.0.0.i42.3eaf4f05ECnIkX\">150D Oxford<\/div>\n<\/div>\n<\/td>\n<\/tr>\n<tr>\n<td>\n<div>\n<div>Pol<\/div>\n<\/div>\n<\/td>\n<td>\n<div>\n<div data-spm-anchor-id=\"0.0.0.i44.3eaf4f05ECnIkX\">glasfiber<\/div>\n<\/div>\n<\/td>\n<td>\n<div>\n<div>Vikt<\/div>\n<\/div>\n<\/td>\n<td>\n<div>\n<div data-spm-anchor-id=\"0.0.0.i5.3eaf4f05uSBrU9\">3,7 kg<\/div>\n<\/div>\n<\/td>\n<\/tr>\n<tr>\n<td>\n<div>\n<div>Storlek<\/div>\n<\/div>\n<\/td>\n<td>\n<div>\n<div data-spm-anchor-id=\"0.0.0.i41.3eaf4f05ECnIkX\">240*210*135 cm (B x D x H)<\/div>\n<\/div>\n<\/td>\n<td>\n<div>\n<div>Golvyta<\/div>\n<\/div>\n<\/td>\n<td>\n<div>\n<div data-spm-anchor-id=\"0.0.0.i45.3eaf4f05ECnIkX\">5<\/div>\n<\/div>\n<\/td>\n<\/tr>\n<tr>\n<td>\n<div>\n<div>F\u00f6rpackning<\/div>\n<\/div>\n<\/td>\n<td>\n<div>\n<div data-spm-anchor-id=\"0.0.0.i46.3eaf4f05ECnIkX\">68*33*22 cm<\/div>\n<\/div>\n<\/td>\n<td>\n<div>\n<div data-spm-anchor-id=\"a2700.siteadmin.0.i2.65e43333ALmggU\">Tillbeh\u00f6r<\/div>\n<\/div>\n<\/td>\n<td>\n<div>\n<div data-spm-anchor-id=\"0.0.0.i48.3eaf4f05ECnIkX\">YNS<\/div>\n<\/div>\n<\/td>\n<\/tr>\n<\/tbody>\n<\/table>\n<\/div>\n<\/div>\n<div>\n<div data-section=\"AliMagic-fbkogz\" data-section-title=\"Product Display\">Produktdisplay<\/div>\n<\/div>\n<div>\n<div>\n<div><img decoding=\"async\" src=\"\/\/sc04.alicdn.com\/kf\/Hfe862935d6b64ef3beb632dcfcaeba59i\/222400006\/Hfe862935d6b64ef3beb632dcfcaeba59i.jpg\" data-src=\"\/\/sc04.alicdn.com\/kf\/Hfe862935d6b64ef3beb632dcfcaeba59i\/222400006\/Hfe862935d6b64ef3beb632dcfcaeba59i.jpg\" \/><\/div>\n<div><img decoding=\"async\" src=\"\/\/sc04.alicdn.com\/kf\/H9987112b7eca4683bca2a11c8d63c877A\/222400006\/H9987112b7eca4683bca2a11c8d63c877A.jpg\" data-src=\"\/\/sc04.alicdn.com\/kf\/H9987112b7eca4683bca2a11c8d63c877A\/222400006\/H9987112b7eca4683bca2a11c8d63c877A.jpg\" \/><\/div>\n<div><img decoding=\"async\" src=\"\/\/sc04.alicdn.com\/kf\/He920995853e640e1b6e2f5eaf2557712D\/222400006\/He920995853e640e1b6e2f5eaf2557712D.jpg\" data-src=\"\/\/sc04.alicdn.com\/kf\/He920995853e640e1b6e2f5eaf2557712D\/222400006\/He920995853e640e1b6e2f5eaf2557712D.jpg\" \/><\/div>\n<div><img decoding=\"async\" src=\"\/\/sc04.alicdn.com\/kf\/H50dcf3e6b57740f6963df6f06fc9552aw\/222400006\/H50dcf3e6b57740f6963df6f06fc9552aw.jpg\" data-src=\"\/\/sc04.alicdn.com\/kf\/H50dcf3e6b57740f6963df6f06fc9552aw\/222400006\/H50dcf3e6b57740f6963df6f06fc9552aw.jpg\" \/><\/div>\n<div><img decoding=\"async\" src=\"\/\/sc04.alicdn.com\/kf\/H188881ad6eb644e689006ed53a73166dF\/222400006\/H188881ad6eb644e689006ed53a73166dF.jpg\" data-src=\"\/\/sc04.alicdn.com\/kf\/H188881ad6eb644e689006ed53a73166dF\/222400006\/H188881ad6eb644e689006ed53a73166dF.jpg\" \/><\/div>\n<div><img decoding=\"async\" src=\"\/\/sc04.alicdn.com\/kf\/Hc924941301ba46f9ace0aabb74f1e79fs\/222400006\/Hc924941301ba46f9ace0aabb74f1e79fs.png\" data-src=\"\/\/sc04.alicdn.com\/kf\/Hc924941301ba46f9ace0aabb74f1e79fs\/222400006\/Hc924941301ba46f9ace0aabb74f1e79fs.png\" \/><\/div>\n<div><img decoding=\"async\" src=\"\/\/sc04.alicdn.com\/kf\/Hf477e6dc0f5f43a0ae294952dfe15ca7Y\/222400006\/Hf477e6dc0f5f43a0ae294952dfe15ca7Y.jpg\" data-src=\"\/\/sc04.alicdn.com\/kf\/Hf477e6dc0f5f43a0ae294952dfe15ca7Y\/222400006\/Hf477e6dc0f5f43a0ae294952dfe15ca7Y.jpg\" \/><\/div>\n<div><img decoding=\"async\" src=\"\/\/sc04.alicdn.com\/kf\/H00840482920648a487dc45d451dbe55dE\/222400006\/H00840482920648a487dc45d451dbe55dE.jpg\" data-src=\"\/\/sc04.alicdn.com\/kf\/H00840482920648a487dc45d451dbe55dE\/222400006\/H00840482920648a487dc45d451dbe55dE.jpg\" \/><\/div>\n<\/div>\n<\/div>\n<div>\n<div data-magic=\" \" data-magic-status=\"done\">\n<div data-reactroot=\"\"><\/div>\n<\/div>\n<\/div>\n<\/div>\n<\/div>","protected":false},"excerpt":{"rendered":"<p>Yta: 3 \u33a1 Tyg: Polyester Yttert\u00e4lt Vattent\u00e4tt Index: 2000-3000 Mm Botten Vattent\u00e4t Index: 2000-3000 Mm Byggnadstyp: Snabbt automatiskt \u00f6ppningsbart T\u00e4ltstil: Typ av r\u00f6r T\u00e4ltst\u00e5ng S\u00e4song: Fyra-s\u00e4songs T\u00e4ltstruktur: 3 Sovrum -4 sovrum : 1 Vikt (kg) : 3,7 H\u00f6jd (cm) : 135<\/p>\n<div class=\"read-more\"><a class=\"btn btn-fill-out\" href=\"https:\/\/uoogear.com\/sv\/produkt\/double-layer-automatic-family-tent-outdoor-camping-portable-travelling-tents\/\">L\u00e4s mer<\/a><\/div>","protected":false},"featured_media":4730,"template":"","meta":[],"product_brand":[],"product_cat":[15],"product_tag":[],"class_list":{"0":"post-4731","1":"product","2":"type-product","3":"status-publish","4":"has-post-thumbnail","6":"product_cat-uncategorized","7":"tm-no-options","9":"first","10":"instock","11":"shipping-taxable","12":"purchasable","13":"product-type-variable"},"_links":{"self":[{"href":"https:\/\/uoogear.com\/sv\/wp-json\/wp\/v2\/product\/4731","targetHints":{"allow":["GET"]}}],"collection":[{"href":"https:\/\/uoogear.com\/sv\/wp-json\/wp\/v2\/product"}],"about":[{"href":"https:\/\/uoogear.com\/sv\/wp-json\/wp\/v2\/types\/product"}],"wp:featuredmedia":[{"embeddable":true,"href":"https:\/\/uoogear.com\/sv\/wp-json\/wp\/v2\/media\/4730"}],"wp:attachment":[{"href":"https:\/\/uoogear.com\/sv\/wp-json\/wp\/v2\/media?parent=4731"}],"wp:term":[{"taxonomy":"product_brand","embeddable":true,"href":"https:\/\/uoogear.com\/sv\/wp-json\/wp\/v2\/product_brand?post=4731"},{"taxonomy":"product_cat","embeddable":true,"href":"https:\/\/uoogear.com\/sv\/wp-json\/wp\/v2\/product_cat?post=4731"},{"taxonomy":"product_tag","embeddable":true,"href":"https:\/\/uoogear.com\/sv\/wp-json\/wp\/v2\/product_tag?post=4731"}],"curies":[{"name":"wp","href":"https:\/\/api.w.org\/{rel}","templated":true}]}}