{"id":4740,"date":"2023-11-14T02:22:01","date_gmt":"2023-11-14T02:22:01","guid":{"rendered":"https:\/\/uoogear.com\/product\/outdoor-waterproof-portable-camping-tents-4-person-glamping-hiking-automatic-tent\/"},"modified":"2023-11-30T02:52:35","modified_gmt":"2023-11-30T02:52:35","slug":"outdoor-waterproof-portable-camping-tents-4-person-glamping-hiking-automatic-tent","status":"publish","type":"product","link":"https:\/\/uoogear.com\/sv\/produkt\/outdoor-waterproof-portable-camping-tents-4-person-glamping-hiking-automatic-tent\/","title":{"rendered":"Utomhus vattent\u00e4ta b\u00e4rbara campingt\u00e4lt 4 personer glamping vandring Automatiskt t\u00e4lt"},"content":{"rendered":"<ul>\n<li><strong>Tyg: <\/strong> Polyester<\/li>\n<li><strong>Yttert\u00e4lt Vattent\u00e4tt Index: <\/strong> 2000-3000 mm<\/li>\n<li><strong>Nedre vattent\u00e4ta index: <\/strong> 2000-3000 mm<\/li>\n<li><strong>Byggnadstyp: <\/strong> Snabb automatisk \u00f6ppning<\/li>\n<li><strong>T\u00e4ltstil: <\/strong> R\u00f6rtyp t\u00e4ltstake<\/li>\n<li><strong>S\u00e4song : <\/strong> Fyra s\u00e4songst\u00e4lt<\/li>\n<li><strong>Struktur: <\/strong> Ett sovrum<\/li>\n<li><strong>B\u00e5tplats: <\/strong> 4<\/li>\n<li><strong>Sovrum: <\/strong> 1<\/li>\n<li><strong>Vikt (kg) : <\/strong> 5.2<\/li>\n<li><strong>H\u00f6jd (cm) : <\/strong> 125<\/li>\n<li><strong>L\u00e4ngd (cm): <\/strong> 210<\/li>\n<li><strong>Bredd (cm): <\/strong> 240<\/li>\n<li><strong>St\u00e5ngmaterial: <\/strong> Glasfiber<\/li>\n<li><strong>Fly Sheet: <\/strong> 190T polyestertaft<\/li>\n<li><strong>Insats: <\/strong> 8 st<\/li>\n<li><strong>Rep: <\/strong> 4 st<\/li>\n<\/ul>\n<div>\n<div data-magic-global=\"%7B%22bizId%22%3A2348173885%2C%22pageId%22%3A21027794595%2C%22siteId%22%3A5005127539%7D\">\n<div>\n<div>\n<div>\n<div>\n<div>\n<div><\/div>\n<\/div>\n<\/div>\n<\/div>\n<\/div>\n<\/div>\n<div>\n<div>\n<table>\n<tbody>\n<tr>\n<td>\n<div>\n<div data-spm-anchor-id=\"0.0.0.i16.3eaf4f05ECnIkX\">Flugduk<\/div>\n<\/div>\n<\/td>\n<td>\n<div>\n<div data-spm-anchor-id=\"0.0.0.i33.3eaf4f05ECnIkX\">190T Ployester<\/div>\n<\/div>\n<\/td>\n<td>\n<div>\n<div>Inre<\/div>\n<\/div>\n<\/td>\n<td>\n<div>\n<div data-spm-anchor-id=\"0.0.0.i34.3eaf4f05ECnIkX\">B3 Mesh<\/div>\n<\/div>\n<\/td>\n<\/tr>\n<tr>\n<td>\n<div>\n<div>Skikten<\/div>\n<\/div>\n<\/td>\n<td>\n<div>\n<div data-spm-anchor-id=\"0.0.0.i39.3eaf4f05ECnIkX\">1<\/div>\n<\/div>\n<\/td>\n<td>\n<div>\n<div>Vattent\u00e4t<\/div>\n<\/div>\n<\/td>\n<td>\n<div>\n<div data-spm-anchor-id=\"0.0.0.i4.3eaf4f05uSBrU9\">2000-3000 mm<\/div>\n<\/div>\n<\/td>\n<\/tr>\n<tr>\n<td>\n<div>\n<div>kapacitet<\/div>\n<\/div>\n<\/td>\n<td>\n<div>\n<div data-spm-anchor-id=\"0.0.0.i13.3eaf4f05ECnIkX\">3-4<\/div>\n<\/div>\n<\/td>\n<td>\n<div>\n<div>Golv<\/div>\n<\/div>\n<\/td>\n<td>\n<div>\n<div data-spm-anchor-id=\"0.0.0.i42.3eaf4f05ECnIkX\">150D Oxford<\/div>\n<\/div>\n<\/td>\n<\/tr>\n<tr>\n<td>\n<div>\n<div>Pol<\/div>\n<\/div>\n<\/td>\n<td>\n<div>\n<div data-spm-anchor-id=\"0.0.0.i44.3eaf4f05ECnIkX\">Glasfiber<\/div>\n<\/div>\n<\/td>\n<td>\n<div>\n<div>Vikt<\/div>\n<\/div>\n<\/td>\n<td>\n<div>\n<div data-spm-anchor-id=\"0.0.0.i5.3eaf4f05uSBrU9\">5,2 kg<\/div>\n<\/div>\n<\/td>\n<\/tr>\n<tr>\n<td>\n<div>\n<div>Storlek<\/div>\n<\/div>\n<\/td>\n<td>\n<div>\n<div data-spm-anchor-id=\"0.0.0.i41.3eaf4f05ECnIkX\">240*210*125 cm (B x D x H)<\/div>\n<\/div>\n<\/td>\n<td>\n<div>\n<div data-spm-anchor-id=\"a2700.pc-decorate.0.i8.2c9a3333BkjTOa\">Stil<\/div>\n<\/div>\n<\/td>\n<td>\n<div>\n<div data-spm-anchor-id=\"0.0.0.i45.3eaf4f05ECnIkX\">Automatisk<\/div>\n<\/div>\n<\/td>\n<\/tr>\n<tr>\n<td>\n<div>\n<div>F\u00f6rpackning<\/div>\n<\/div>\n<\/td>\n<td>\n<div>\n<div data-spm-anchor-id=\"0.0.0.i46.3eaf4f05ECnIkX\">B87 x D15 x H15cm<\/div>\n<\/div>\n<\/td>\n<td>\n<div>\n<div data-spm-anchor-id=\"a2700.siteadmin.0.i2.65e43333ALmggU\">Tillbeh\u00f6r<\/div>\n<\/div>\n<\/td>\n<td>\n<div>\n<div data-spm-anchor-id=\"0.0.0.i48.3eaf4f05ECnIkX\">YNS<\/div>\n<\/div>\n<\/td>\n<\/tr>\n<\/tbody>\n<\/table>\n<\/div>\n<\/div>\n<div>\n<div data-section=\"AliMagic-ld6hwv\" data-section-title=\"Product Display\">Produktdisplay<\/div>\n<\/div>\n<div>\n<div>\n<div><\/div>\n<div><\/div>\n<div><\/div>\n<div><img decoding=\"async\" src=\"\/\/sc04.alicdn.com\/kf\/H856ef7e5714642b49db4cf70b3e9adb0E\/222400006\/H856ef7e5714642b49db4cf70b3e9adb0E.jpg\" data-src=\"\/\/sc04.alicdn.com\/kf\/H856ef7e5714642b49db4cf70b3e9adb0E\/222400006\/H856ef7e5714642b49db4cf70b3e9adb0E.jpg\" \/><\/div>\n<div><img decoding=\"async\" src=\"\/\/sc04.alicdn.com\/kf\/H8c0993d71e8a4c1cbc59a6f51bab9cff9\/222400006\/H8c0993d71e8a4c1cbc59a6f51bab9cff9.jpg\" data-src=\"\/\/sc04.alicdn.com\/kf\/H8c0993d71e8a4c1cbc59a6f51bab9cff9\/222400006\/H8c0993d71e8a4c1cbc59a6f51bab9cff9.jpg\" \/><\/div>\n<div><img decoding=\"async\" src=\"\/\/sc04.alicdn.com\/kf\/Hffd9146525f54b97ac2fd270bf08c841c\/222400006\/Hffd9146525f54b97ac2fd270bf08c841c.jpg\" data-src=\"\/\/sc04.alicdn.com\/kf\/Hffd9146525f54b97ac2fd270bf08c841c\/222400006\/Hffd9146525f54b97ac2fd270bf08c841c.jpg\" \/><\/div>\n<\/div>\n<\/div>\n<div>\n<div data-magic=\" \" data-magic-status=\"done\">\n<div data-reactroot=\"\"><\/div>\n<\/div>\n<\/div>\n<\/div>\n<\/div>","protected":false},"excerpt":{"rendered":"<p>Tyg: Polyester Yttert\u00e4lt Vattent\u00e4tt Index: 2000-3000 Mm Botten Vattent\u00e4t Index: 2000-3000 Mm Byggnadstyp: Snabbautomatisk \u00f6ppningsbar T\u00e4ltstil: R\u00f6rtyp T\u00e4ltst\u00e5ng S\u00e4song: Fyra-s\u00e4songs T\u00e4ltstruktur: Ett sovrum Sov: 4 Sovrum: (kg) : 5,2 H\u00f6jd (cm) : 125 L\u00e4ngd (cm) : 210<\/p>\n<div class=\"read-more\"><a class=\"btn btn-fill-out\" href=\"https:\/\/uoogear.com\/sv\/produkt\/outdoor-waterproof-portable-camping-tents-4-person-glamping-hiking-automatic-tent\/\">L\u00e4s mer<\/a><\/div>","protected":false},"featured_media":4739,"template":"","meta":[],"product_brand":[],"product_cat":[15],"product_tag":[],"class_list":{"0":"post-4740","1":"product","2":"type-product","3":"status-publish","4":"has-post-thumbnail","6":"product_cat-uncategorized","7":"tm-no-options","9":"first","10":"instock","11":"shipping-taxable","12":"purchasable","13":"product-type-variable"},"_links":{"self":[{"href":"https:\/\/uoogear.com\/sv\/wp-json\/wp\/v2\/product\/4740","targetHints":{"allow":["GET"]}}],"collection":[{"href":"https:\/\/uoogear.com\/sv\/wp-json\/wp\/v2\/product"}],"about":[{"href":"https:\/\/uoogear.com\/sv\/wp-json\/wp\/v2\/types\/product"}],"wp:featuredmedia":[{"embeddable":true,"href":"https:\/\/uoogear.com\/sv\/wp-json\/wp\/v2\/media\/4739"}],"wp:attachment":[{"href":"https:\/\/uoogear.com\/sv\/wp-json\/wp\/v2\/media?parent=4740"}],"wp:term":[{"taxonomy":"product_brand","embeddable":true,"href":"https:\/\/uoogear.com\/sv\/wp-json\/wp\/v2\/product_brand?post=4740"},{"taxonomy":"product_cat","embeddable":true,"href":"https:\/\/uoogear.com\/sv\/wp-json\/wp\/v2\/product_cat?post=4740"},{"taxonomy":"product_tag","embeddable":true,"href":"https:\/\/uoogear.com\/sv\/wp-json\/wp\/v2\/product_tag?post=4740"}],"curies":[{"name":"wp","href":"https:\/\/api.w.org\/{rel}","templated":true}]}}