{"id":4749,"date":"2023-11-14T02:23:34","date_gmt":"2023-11-14T02:23:34","guid":{"rendered":"https:\/\/uoogear.com\/product\/a-mountains-3-4-person-outdoor-tent-ultralight-double-layer-water-resistance-camping-tent-for-family\/"},"modified":"2023-11-30T02:52:59","modified_gmt":"2023-11-30T02:52:59","slug":"a-mountains-3-4-person-outdoor-tent-ultralight-double-layer-water-resistance-camping-tent-for-family","status":"publish","type":"product","link":"https:\/\/uoogear.com\/sv\/produkt\/a-mountains-3-4-person-outdoor-tent-ultralight-double-layer-water-resistance-camping-tent-for-family\/","title":{"rendered":"Ett bergs 3-4 personers utomhust\u00e4lt Ultral\u00e4tt dubbellager vattent\u00e5ligt campingt\u00e4lt f\u00f6r familj"},"content":{"rendered":"<ul>\n<li><strong>Omr\u00e5de: <\/strong> 4<\/li>\n<li><strong>Tyg: <\/strong> Nylon<\/li>\n<li><strong>Yttert\u00e4lt Vattent\u00e4tt Index: <\/strong> 2000-3000 mm<\/li>\n<li><strong>Nedre vattent\u00e4ta index: <\/strong> 2000-3000 mm<\/li>\n<li><strong>Byggnadstyp: <\/strong> Konstruktion baserat p\u00e5 behov<\/li>\n<li><strong>T\u00e4ltstil: <\/strong> Diagonalstag typ<\/li>\n<li><strong>S\u00e4song : <\/strong> Tre-s\u00e4songst\u00e4lt<\/li>\n<li><strong>Struktur: <\/strong> Ett sovrum<\/li>\n<li><strong>Produktnamn : <\/strong> T\u00e4lt<\/li>\n<li><strong>Anv\u00e4ndning: <\/strong> Utomhuscamping Vildt\u00e4lt<\/li>\n<li><strong>Ans\u00f6kan : <\/strong> Utomhuscamping familjet\u00e4lt<\/li>\n<\/ul>\n<div>\n<p>3-4 personer Kl\u00e4ttert\u00e4lt Utomhus Reseryggs\u00e4ck T\u00e4lt Ultral\u00e4tt automatiskt t\u00e4lt dubbelt vattent\u00e4tt solskyddst\u00e4lt<\/p>\n<p>Kupolt\u00e4lt med rymlig interi\u00f6r g\u00f6r att du kan r\u00f6ra dig bekv\u00e4mt<br \/>\nEnkel installation p\u00e5 bara 10 minuter<br \/>\nsystem med patenterade svetsade golv och inverterade s\u00f6mmar f\u00f6r att h\u00e5lla dig torr<br \/>\nStora f\u00f6nster och en markventil f\u00f6r \u00f6verl\u00e4gsen ventilation<\/p>\n<p><img loading=\"lazy\" decoding=\"async\" class=\"alignnone size-full wp-image-5177\" src=\"https:\/\/uoogear.com\/wp-content\/uploads\/2023\/11\/HTB1hBCOcBiE3KVjSZFMq6zQhVXaF.jpg\" width=\"790\" height=\"790\" alt=\"Ett bergs 3-4 personers utomhust\u00e4lt Ultral\u00e4tt dubbellager vattent\u00e5ligt campingt\u00e4lt f\u00f6r familj\" srcset=\"https:\/\/uoogear.com\/wp-content\/uploads\/2023\/11\/HTB1hBCOcBiE3KVjSZFMq6zQhVXaF.jpg 790w, https:\/\/uoogear.com\/wp-content\/uploads\/2023\/11\/HTB1hBCOcBiE3KVjSZFMq6zQhVXaF-300x300.jpg 300w, https:\/\/uoogear.com\/wp-content\/uploads\/2023\/11\/HTB1hBCOcBiE3KVjSZFMq6zQhVXaF-150x150.jpg 150w, https:\/\/uoogear.com\/wp-content\/uploads\/2023\/11\/HTB1hBCOcBiE3KVjSZFMq6zQhVXaF-768x768.jpg 768w, https:\/\/uoogear.com\/wp-content\/uploads\/2023\/11\/HTB1hBCOcBiE3KVjSZFMq6zQhVXaF-450x450.jpg 450w, https:\/\/uoogear.com\/wp-content\/uploads\/2023\/11\/HTB1hBCOcBiE3KVjSZFMq6zQhVXaF-90x90.jpg 90w, https:\/\/uoogear.com\/wp-content\/uploads\/2023\/11\/HTB1hBCOcBiE3KVjSZFMq6zQhVXaF-600x600.jpg 600w, https:\/\/uoogear.com\/wp-content\/uploads\/2023\/11\/HTB1hBCOcBiE3KVjSZFMq6zQhVXaF-54x54.jpg 54w, https:\/\/uoogear.com\/wp-content\/uploads\/2023\/11\/HTB1hBCOcBiE3KVjSZFMq6zQhVXaF-50x50.jpg 50w, https:\/\/uoogear.com\/wp-content\/uploads\/2023\/11\/HTB1hBCOcBiE3KVjSZFMq6zQhVXaF-100x100.jpg 100w\" sizes=\"auto, (max-width: 790px) 100vw, 790px\" \/><img loading=\"lazy\" decoding=\"async\" class=\"alignnone size-full wp-image-5178\" src=\"https:\/\/uoogear.com\/wp-content\/uploads\/2023\/11\/HTB1qTuNcwKG3KVjSZFLq6yMvXXa2.jpg\" width=\"790\" height=\"988\" alt=\"Ett bergs 3-4 personers utomhust\u00e4lt Ultral\u00e4tt dubbellager vattent\u00e5ligt campingt\u00e4lt f\u00f6r familj\" srcset=\"https:\/\/uoogear.com\/wp-content\/uploads\/2023\/11\/HTB1qTuNcwKG3KVjSZFLq6yMvXXa2.jpg 790w, https:\/\/uoogear.com\/wp-content\/uploads\/2023\/11\/HTB1qTuNcwKG3KVjSZFLq6yMvXXa2-240x300.jpg 240w, https:\/\/uoogear.com\/wp-content\/uploads\/2023\/11\/HTB1qTuNcwKG3KVjSZFLq6yMvXXa2-768x960.jpg 768w, https:\/\/uoogear.com\/wp-content\/uploads\/2023\/11\/HTB1qTuNcwKG3KVjSZFLq6yMvXXa2-600x750.jpg 600w, https:\/\/uoogear.com\/wp-content\/uploads\/2023\/11\/HTB1qTuNcwKG3KVjSZFLq6yMvXXa2-43x54.jpg 43w\" sizes=\"auto, (max-width: 790px) 100vw, 790px\" \/><img loading=\"lazy\" decoding=\"async\" class=\"alignnone size-full wp-image-5179\" src=\"https:\/\/uoogear.com\/wp-content\/uploads\/2023\/11\/HTB1dQmYcrus3KVjSZKbq6xqkFXaX.jpg\" width=\"790\" height=\"1278\" alt=\"Ett bergs 3-4 personers utomhust\u00e4lt Ultral\u00e4tt dubbellager vattent\u00e5ligt campingt\u00e4lt f\u00f6r familj\" srcset=\"https:\/\/uoogear.com\/wp-content\/uploads\/2023\/11\/HTB1dQmYcrus3KVjSZKbq6xqkFXaX.jpg 790w, https:\/\/uoogear.com\/wp-content\/uploads\/2023\/11\/HTB1dQmYcrus3KVjSZKbq6xqkFXaX-185x300.jpg 185w, https:\/\/uoogear.com\/wp-content\/uploads\/2023\/11\/HTB1dQmYcrus3KVjSZKbq6xqkFXaX-633x1024.jpg 633w, https:\/\/uoogear.com\/wp-content\/uploads\/2023\/11\/HTB1dQmYcrus3KVjSZKbq6xqkFXaX-768x1242.jpg 768w, https:\/\/uoogear.com\/wp-content\/uploads\/2023\/11\/HTB1dQmYcrus3KVjSZKbq6xqkFXaX-600x971.jpg 600w, https:\/\/uoogear.com\/wp-content\/uploads\/2023\/11\/HTB1dQmYcrus3KVjSZKbq6xqkFXaX-33x54.jpg 33w\" sizes=\"auto, (max-width: 790px) 100vw, 790px\" \/><img loading=\"lazy\" decoding=\"async\" class=\"alignnone size-full wp-image-5180\" src=\"https:\/\/uoogear.com\/wp-content\/uploads\/2023\/11\/HTB19tqOcEGF3KVjSZFoq6zmpFXaJ.jpg\" width=\"655\" height=\"1280\" alt=\"Ett bergs 3-4 personers utomhust\u00e4lt Ultral\u00e4tt dubbellager vattent\u00e5ligt campingt\u00e4lt f\u00f6r familj\" srcset=\"https:\/\/uoogear.com\/wp-content\/uploads\/2023\/11\/HTB19tqOcEGF3KVjSZFoq6zmpFXaJ.jpg 655w, https:\/\/uoogear.com\/wp-content\/uploads\/2023\/11\/HTB19tqOcEGF3KVjSZFoq6zmpFXaJ-154x300.jpg 154w, https:\/\/uoogear.com\/wp-content\/uploads\/2023\/11\/HTB19tqOcEGF3KVjSZFoq6zmpFXaJ-524x1024.jpg 524w, https:\/\/uoogear.com\/wp-content\/uploads\/2023\/11\/HTB19tqOcEGF3KVjSZFoq6zmpFXaJ-600x1173.jpg 600w, https:\/\/uoogear.com\/wp-content\/uploads\/2023\/11\/HTB19tqOcEGF3KVjSZFoq6zmpFXaJ-28x54.jpg 28w\" sizes=\"auto, (max-width: 655px) 100vw, 655px\" \/><img loading=\"lazy\" decoding=\"async\" class=\"alignnone size-full wp-image-5181\" src=\"https:\/\/uoogear.com\/wp-content\/uploads\/2023\/11\/HTB1v.GTcBGw3KVjSZFwq6zQ2FXaR.jpg\" width=\"790\" height=\"753\" alt=\"Ett bergs 3-4 personers utomhust\u00e4lt Ultral\u00e4tt dubbellager vattent\u00e5ligt campingt\u00e4lt f\u00f6r familj\" srcset=\"https:\/\/uoogear.com\/wp-content\/uploads\/2023\/11\/HTB1v.GTcBGw3KVjSZFwq6zQ2FXaR.jpg 790w, https:\/\/uoogear.com\/wp-content\/uploads\/2023\/11\/HTB1v.GTcBGw3KVjSZFwq6zQ2FXaR-300x286.jpg 300w, https:\/\/uoogear.com\/wp-content\/uploads\/2023\/11\/HTB1v.GTcBGw3KVjSZFwq6zQ2FXaR-768x732.jpg 768w, https:\/\/uoogear.com\/wp-content\/uploads\/2023\/11\/HTB1v.GTcBGw3KVjSZFwq6zQ2FXaR-600x572.jpg 600w, https:\/\/uoogear.com\/wp-content\/uploads\/2023\/11\/HTB1v.GTcBGw3KVjSZFwq6zQ2FXaR-57x54.jpg 57w\" sizes=\"auto, (max-width: 790px) 100vw, 790px\" \/><img loading=\"lazy\" decoding=\"async\" class=\"alignnone size-full wp-image-5182\" src=\"https:\/\/uoogear.com\/wp-content\/uploads\/2023\/11\/HTB1FkmYcrus3KVjSZKbq6xqkFXax.jpg\" width=\"790\" height=\"1166\" alt=\"Ett bergs 3-4 personers utomhust\u00e4lt Ultral\u00e4tt dubbellager vattent\u00e5ligt campingt\u00e4lt f\u00f6r familj\" srcset=\"https:\/\/uoogear.com\/wp-content\/uploads\/2023\/11\/HTB1FkmYcrus3KVjSZKbq6xqkFXax.jpg 790w, https:\/\/uoogear.com\/wp-content\/uploads\/2023\/11\/HTB1FkmYcrus3KVjSZKbq6xqkFXax-203x300.jpg 203w, https:\/\/uoogear.com\/wp-content\/uploads\/2023\/11\/HTB1FkmYcrus3KVjSZKbq6xqkFXax-694x1024.jpg 694w, https:\/\/uoogear.com\/wp-content\/uploads\/2023\/11\/HTB1FkmYcrus3KVjSZKbq6xqkFXax-768x1134.jpg 768w, https:\/\/uoogear.com\/wp-content\/uploads\/2023\/11\/HTB1FkmYcrus3KVjSZKbq6xqkFXax-600x886.jpg 600w, https:\/\/uoogear.com\/wp-content\/uploads\/2023\/11\/HTB1FkmYcrus3KVjSZKbq6xqkFXax-37x54.jpg 37w\" sizes=\"auto, (max-width: 790px) 100vw, 790px\" \/><img loading=\"lazy\" decoding=\"async\" class=\"alignnone size-full wp-image-5183\" src=\"https:\/\/uoogear.com\/wp-content\/uploads\/2023\/11\/HTB1A0yYcq1s3KVjSZFAq6x_ZXXar.jpg\" width=\"790\" height=\"1027\" alt=\"Ett bergs 3-4 personers utomhust\u00e4lt Ultral\u00e4tt dubbellager vattent\u00e5ligt campingt\u00e4lt f\u00f6r familj\" srcset=\"https:\/\/uoogear.com\/wp-content\/uploads\/2023\/11\/HTB1A0yYcq1s3KVjSZFAq6x_ZXXar.jpg 790w, https:\/\/uoogear.com\/wp-content\/uploads\/2023\/11\/HTB1A0yYcq1s3KVjSZFAq6x_ZXXar-231x300.jpg 231w, https:\/\/uoogear.com\/wp-content\/uploads\/2023\/11\/HTB1A0yYcq1s3KVjSZFAq6x_ZXXar-788x1024.jpg 788w, https:\/\/uoogear.com\/wp-content\/uploads\/2023\/11\/HTB1A0yYcq1s3KVjSZFAq6x_ZXXar-768x998.jpg 768w, https:\/\/uoogear.com\/wp-content\/uploads\/2023\/11\/HTB1A0yYcq1s3KVjSZFAq6x_ZXXar-600x780.jpg 600w, https:\/\/uoogear.com\/wp-content\/uploads\/2023\/11\/HTB1A0yYcq1s3KVjSZFAq6x_ZXXar-42x54.jpg 42w\" sizes=\"auto, (max-width: 790px) 100vw, 790px\" \/><img loading=\"lazy\" decoding=\"async\" class=\"alignnone size-full wp-image-5184\" src=\"https:\/\/uoogear.com\/wp-content\/uploads\/2023\/11\/HTB1Av5PcA5E3KVjSZFCq6zuzXXaT.jpg\" width=\"790\" height=\"840\" alt=\"Ett bergs 3-4 personers utomhust\u00e4lt Ultral\u00e4tt dubbellager vattent\u00e5ligt campingt\u00e4lt f\u00f6r familj\" srcset=\"https:\/\/uoogear.com\/wp-content\/uploads\/2023\/11\/HTB1Av5PcA5E3KVjSZFCq6zuzXXaT.jpg 790w, https:\/\/uoogear.com\/wp-content\/uploads\/2023\/11\/HTB1Av5PcA5E3KVjSZFCq6zuzXXaT-282x300.jpg 282w, https:\/\/uoogear.com\/wp-content\/uploads\/2023\/11\/HTB1Av5PcA5E3KVjSZFCq6zuzXXaT-768x817.jpg 768w, https:\/\/uoogear.com\/wp-content\/uploads\/2023\/11\/HTB1Av5PcA5E3KVjSZFCq6zuzXXaT-600x638.jpg 600w, https:\/\/uoogear.com\/wp-content\/uploads\/2023\/11\/HTB1Av5PcA5E3KVjSZFCq6zuzXXaT-51x54.jpg 51w\" sizes=\"auto, (max-width: 790px) 100vw, 790px\" \/><\/p>\n<\/div>","protected":false},"excerpt":{"rendered":"<p>Yta : 4 Tyg : Nylon Yttert\u00e4lt Vattent\u00e4t Index : 2000-3000 Mm Botten Vattent\u00e4t Index : 2000-3000 Mm Byggnadstyp : Konstruktion Baserat p\u00e5 behov T\u00e4ltstil : Diagonal stagtyp S\u00e4song : Tre-s\u00e4songs T\u00e4ltstruktur : Camping Ett sovrum Produktnamn : T\u00e4ltanv\u00e4ndning: Utomhuscamping Vildt\u00e4lt Anv\u00e4ndning: Utomhuscamping<\/p>\n<div class=\"read-more\"><a class=\"btn btn-fill-out\" href=\"https:\/\/uoogear.com\/sv\/produkt\/a-mountains-3-4-person-outdoor-tent-ultralight-double-layer-water-resistance-camping-tent-for-family\/\">L\u00e4s mer<\/a><\/div>","protected":false},"featured_media":4748,"template":"","meta":[],"product_brand":[],"product_cat":[15],"product_tag":[],"class_list":{"0":"post-4749","1":"product","2":"type-product","3":"status-publish","4":"has-post-thumbnail","6":"product_cat-uncategorized","7":"tm-no-options","9":"first","10":"instock","11":"shipping-taxable","12":"purchasable","13":"product-type-variable"},"_links":{"self":[{"href":"https:\/\/uoogear.com\/sv\/wp-json\/wp\/v2\/product\/4749","targetHints":{"allow":["GET"]}}],"collection":[{"href":"https:\/\/uoogear.com\/sv\/wp-json\/wp\/v2\/product"}],"about":[{"href":"https:\/\/uoogear.com\/sv\/wp-json\/wp\/v2\/types\/product"}],"wp:featuredmedia":[{"embeddable":true,"href":"https:\/\/uoogear.com\/sv\/wp-json\/wp\/v2\/media\/4748"}],"wp:attachment":[{"href":"https:\/\/uoogear.com\/sv\/wp-json\/wp\/v2\/media?parent=4749"}],"wp:term":[{"taxonomy":"product_brand","embeddable":true,"href":"https:\/\/uoogear.com\/sv\/wp-json\/wp\/v2\/product_brand?post=4749"},{"taxonomy":"product_cat","embeddable":true,"href":"https:\/\/uoogear.com\/sv\/wp-json\/wp\/v2\/product_cat?post=4749"},{"taxonomy":"product_tag","embeddable":true,"href":"https:\/\/uoogear.com\/sv\/wp-json\/wp\/v2\/product_tag?post=4749"}],"curies":[{"name":"wp","href":"https:\/\/api.w.org\/{rel}","templated":true}]}}