{"id":4825,"date":"2023-11-14T02:32:23","date_gmt":"2023-11-14T02:32:23","guid":{"rendered":"https:\/\/uoogear.com\/product\/4-person-double-layers-heated-automatic-camping-outdoor-tent\/"},"modified":"2023-11-30T02:36:43","modified_gmt":"2023-11-30T02:36:43","slug":"4-person-double-layers-heated-automatic-camping-outdoor-tent","status":"publish","type":"product","link":"https:\/\/uoogear.com\/sv\/produkt\/4-person-double-layers-heated-automatic-camping-outdoor-tent\/","title":{"rendered":"4 personer Dubbellagers uppv\u00e4rmt automatiskt camping utomhust\u00e4lt"},"content":{"rendered":"<ul>\n<li><strong>Omr\u00e5de: <\/strong> 4.41<\/li>\n<li><strong>Tyg: <\/strong> 190T polyester<\/li>\n<li><strong>T\u00e4ltstil: <\/strong> Kamouflage\/f\u00e4ltspel<\/li>\n<li><strong>S\u00e4song : <\/strong> Tre-s\u00e4songst\u00e4lt<\/li>\n<li><strong>Struktur: <\/strong> Ett sovrum<\/li>\n<li><strong>Inre : <\/strong> 190T polyester<\/li>\n<li><strong>vattent\u00e4t : <\/strong> PU2000<\/li>\n<li><strong>Golv: <\/strong> 210D oxford<\/li>\n<li><strong>Storlek: <\/strong> 200cm*180cm*130cm<\/li>\n<li><strong>lager : <\/strong> Dubbel<\/li>\n<li><strong>s\u00e4song : <\/strong> fyra<\/li>\n<li><strong>Vikt: <\/strong> 4,35 kg<\/li>\n<li><strong>Namn : <\/strong> 4 personer Dubbellagers uppv\u00e4rmt automatiskt camping utomhust\u00e4lt<\/li>\n<li><strong>Service efter f\u00f6rs\u00e4ljning: <\/strong> I tid<\/li>\n<li><strong>F\u00e4rg : <\/strong> Bl\u00e5<\/li>\n<\/ul>\n<p>&nbsp;<\/p>\n<p>Produktbeskrivning<\/p>\n<div data-section=\"AliPostDhMb-t5fp0\" data-section-title=\"Product Description\">\n<div>\n<p>\u00a0<img loading=\"lazy\" decoding=\"async\" src=\"\/\/sc01.alicdn.com\/kf\/HTB1oDKpLXXXXXaoXpXXq6xXFXXXc\/222400006\/HTB1oDKpLXXXXXaoXpXXq6xXFXXXc.jpg\" alt=\"4 personer Dubbellagers uppv\u00e4rmt automatiskt camping utomhust\u00e4lt\" width=\"750\" height=\"750\" data-src=\"\/\/sc01.alicdn.com\/kf\/HTB1oDKpLXXXXXaoXpXXq6xXFXXXc\/222400006\/HTB1oDKpLXXXXXaoXpXXq6xXFXXXc.jpg\" data-alt=\"4 person Double layers heated automatic camping outdoor tent\" \/><img loading=\"lazy\" decoding=\"async\" src=\"\/\/sc01.alicdn.com\/kf\/HTB1ko1gLXXXXXbaXFXXq6xXFXXXz\/222400006\/HTB1ko1gLXXXXXbaXFXXq6xXFXXXz.jpg\" alt=\"4 personer Dubbellagers uppv\u00e4rmt automatiskt camping utomhust\u00e4lt\" width=\"750\" height=\"750\" data-src=\"\/\/sc01.alicdn.com\/kf\/HTB1ko1gLXXXXXbaXFXXq6xXFXXXz\/222400006\/HTB1ko1gLXXXXXbaXFXXq6xXFXXXz.jpg\" data-alt=\"4 person Double layers heated automatic camping outdoor tent\" \/><img loading=\"lazy\" decoding=\"async\" src=\"\/\/sc02.alicdn.com\/kf\/HTB1m0uxLXXXXXbnXXXXq6xXFXXX9\/222400006\/HTB1m0uxLXXXXXbnXXXXq6xXFXXX9.jpg\" alt=\"4 personer Dubbellagers uppv\u00e4rmt automatiskt camping utomhust\u00e4lt\" width=\"750\" height=\"750\" data-src=\"\/\/sc02.alicdn.com\/kf\/HTB1m0uxLXXXXXbnXXXXq6xXFXXX9\/222400006\/HTB1m0uxLXXXXXbnXXXXq6xXFXXX9.jpg\" data-alt=\"4 person Double layers heated automatic camping outdoor tent\" \/><img loading=\"lazy\" decoding=\"async\" src=\"\/\/sc02.alicdn.com\/kf\/HTB1ISWkLXXXXXXkXXXXq6xXFXXXx\/222400006\/HTB1ISWkLXXXXXXkXXXXq6xXFXXXx.jpg\" alt=\"4 personer Dubbellagers uppv\u00e4rmt automatiskt camping utomhust\u00e4lt\" width=\"750\" height=\"750\" data-src=\"\/\/sc02.alicdn.com\/kf\/HTB1ISWkLXXXXXXkXXXXq6xXFXXXx\/222400006\/HTB1ISWkLXXXXXXkXXXXq6xXFXXXx.jpg\" data-alt=\"4 person Double layers heated automatic camping outdoor tent\" \/><img loading=\"lazy\" decoding=\"async\" src=\"\/\/sc01.alicdn.com\/kf\/HTB1dfijLXXXXXc2XpXXq6xXFXXXG\/222400006\/HTB1dfijLXXXXXc2XpXXq6xXFXXXG.jpg\" alt=\"4 personer Dubbellagers uppv\u00e4rmt automatiskt camping utomhust\u00e4lt\" width=\"750\" height=\"750\" data-src=\"\/\/sc01.alicdn.com\/kf\/HTB1dfijLXXXXXc2XpXXq6xXFXXXG\/222400006\/HTB1dfijLXXXXXc2XpXXq6xXFXXXG.jpg\" data-alt=\"4 person Double layers heated automatic camping outdoor tent\" \/><\/p>\n<p>&nbsp;<\/p>\n<p>&nbsp;<\/p>\n<\/div>\n<\/div>","protected":false},"excerpt":{"rendered":"<p>Yta: 4,41 Tyg: 190T polyester T\u00e4ltstil: Kamouflage\/f\u00e4ltspel S\u00e4song: Tre-s\u00e4songs T\u00e4ltstruktur: Ett sovrum Inner: 190T polyester vattent\u00e4t: PU2000 Golv: 210D oxford Storlek: 200cm*180cm Vikt: 200cm*180cm Vikt: 200cm*180cm 4,35 kg Namn: 4 personer Dubbellagers uppv\u00e4rmt automatiskt camping utomhust\u00e4lt<\/p>\n<div class=\"read-more\"><a class=\"btn btn-fill-out\" href=\"https:\/\/uoogear.com\/sv\/produkt\/4-person-double-layers-heated-automatic-camping-outdoor-tent\/\">L\u00e4s mer<\/a><\/div>","protected":false},"featured_media":4824,"template":"","meta":[],"product_brand":[],"product_cat":[15],"product_tag":[],"class_list":{"0":"post-4825","1":"product","2":"type-product","3":"status-publish","4":"has-post-thumbnail","6":"product_cat-uncategorized","7":"tm-no-options","9":"first","10":"instock","11":"shipping-taxable","12":"purchasable","13":"product-type-variable"},"_links":{"self":[{"href":"https:\/\/uoogear.com\/sv\/wp-json\/wp\/v2\/product\/4825","targetHints":{"allow":["GET"]}}],"collection":[{"href":"https:\/\/uoogear.com\/sv\/wp-json\/wp\/v2\/product"}],"about":[{"href":"https:\/\/uoogear.com\/sv\/wp-json\/wp\/v2\/types\/product"}],"wp:featuredmedia":[{"embeddable":true,"href":"https:\/\/uoogear.com\/sv\/wp-json\/wp\/v2\/media\/4824"}],"wp:attachment":[{"href":"https:\/\/uoogear.com\/sv\/wp-json\/wp\/v2\/media?parent=4825"}],"wp:term":[{"taxonomy":"product_brand","embeddable":true,"href":"https:\/\/uoogear.com\/sv\/wp-json\/wp\/v2\/product_brand?post=4825"},{"taxonomy":"product_cat","embeddable":true,"href":"https:\/\/uoogear.com\/sv\/wp-json\/wp\/v2\/product_cat?post=4825"},{"taxonomy":"product_tag","embeddable":true,"href":"https:\/\/uoogear.com\/sv\/wp-json\/wp\/v2\/product_tag?post=4825"}],"curies":[{"name":"wp","href":"https:\/\/api.w.org\/{rel}","templated":true}]}}