{"id":4833,"date":"2023-11-14T02:33:09","date_gmt":"2023-11-14T02:33:09","guid":{"rendered":"https:\/\/uoogear.com\/product\/outdoor-automatic-tent-2-3-people-waterproof-family-tent-hiking-camping-throwing-pop-up-tent\/"},"modified":"2023-11-30T02:34:19","modified_gmt":"2023-11-30T02:34:19","slug":"outdoor-automatic-tent-2-3-people-waterproof-family-tent-hiking-camping-throwing-pop-up-tent","status":"publish","type":"product","link":"https:\/\/uoogear.com\/sv\/produkt\/outdoor-automatic-tent-2-3-people-waterproof-family-tent-hiking-camping-throwing-pop-up-tent\/","title":{"rendered":"Automatiskt utomhust\u00e4lt 2-3 personer Vattent\u00e4tt familjet\u00e4lt Vandring Camping Kasta popup-t\u00e4lt"},"content":{"rendered":"<ul>\n<li><strong>Omr\u00e5de: <\/strong> 3.5<\/li>\n<li><strong>Tyg: <\/strong> Nylon<\/li>\n<li><strong>Yttert\u00e4lt Vattent\u00e4tt Index: <\/strong> 2000-3000 mm<\/li>\n<li><strong>Nedre vattent\u00e4ta index: <\/strong> 2000-3000 mm<\/li>\n<li><strong>Byggnadstyp: <\/strong> Snabb automatisk \u00f6ppning<\/li>\n<li><strong>T\u00e4ltstil: <\/strong> Diagonalstag typ<\/li>\n<li><strong>S\u00e4song : <\/strong> Tre-s\u00e4songst\u00e4lt<\/li>\n<li><strong>Struktur: <\/strong> Ett sovrum<\/li>\n<li><strong>Produktnamn : <\/strong> T\u00e4lt<\/li>\n<li><strong>Anv\u00e4ndning: <\/strong> Utomhuscamping Vildt\u00e4lt<\/li>\n<li><strong>Ans\u00f6kan : <\/strong> Automatiskt t\u00e4lt<\/li>\n<\/ul>\n<div>\n<p><strong>Automatiskt utomhust\u00e4lt 2-3 personer Vattent\u00e4tt familjet\u00e4lt Vandring Camping Kasta popup-t\u00e4lt<\/strong><\/p>\n<p>&nbsp;<\/p>\n<ul>\n<li>\n<div>G\u00e4llande antal: 2-3 personer<\/div>\n<div>Expandera M\u00e5tt: 245x145x100cm<\/div>\n<div>F\u00e4rg: Orange, Brun<\/div>\n<div>Nettovikt: 2,45 kg<\/div>\n<div>Tyg: 210D Oxfordduk<\/div>\n<div>Byggnadstyp: Snabb automatisk \u00f6ppning<\/div>\n<div>Vattent\u00e4t Index: 2000-3000 mm<\/div>\n<div>Gasv\u00e4v: B3 gasv\u00e4v med h\u00f6g densitet<\/div>\n<div>Bastyg: PE<\/div>\n<div>Fj\u00e4derben: massiv glasfiber<\/div>\n<div>Tillbeh\u00f6r: spik, rep<\/div>\n<div>Applikationer: park fritid \/ utomhus camping<\/div>\n<div><\/div>\n<div>Funktioner:<\/div>\n<div>1. Kasta l\u00e4tt och \u00f6ppna direkt Bred och genomsl\u00e4pplig.<\/div>\n<div>2.Rymlig och inte tr\u00e5ngt med 2-3 personer. Flera f\u00f6nster. Genomsl\u00e4pplig och inte kvav<\/div>\n<div>3.\u00d6ppna f\u00f6rpackningen, r\u00f6r vid tejpen, kasta ut den f\u00f6rsiktigt och sedan viks den ut direkt. Kvinnor kan g\u00f6ra det l\u00e4tt.<\/div>\n<div>4. Held\u00f6rrsv\u00e4v. Integritetsskydd. Andas och skyddar mot myggor<\/div>\n<div>5. Tjock och slitstark. PE vattent\u00e4t t\u00e4ltbotten<\/div>\n<div>6. H\u00f6gkvalitativ solid glasfiberstag, Inget avbrott efter flera viktester. Bra flexibilitet och h\u00e5llbarhet.<\/div>\n<div>7.Med vestibul\u00e4r design. Dubbla gardiner. Mer humaniserad utrymmeslayout.<\/div>\n<div>8. Fyrh\u00f6rningsventil. H\u00e5ll luftcirkulationen i ett helt slutet tillst\u00e5nd.<\/div>\n<\/li>\n<\/ul>\n<p><img loading=\"lazy\" decoding=\"async\" class=\"alignnone size-full wp-image-5141\" src=\"https:\/\/uoogear.com\/wp-content\/uploads\/2023\/11\/HTB1ak5xbBGE3KVjSZFhq6AkaFXaE.jpg\" width=\"750\" height=\"886\" alt=\"Automatiskt utomhust\u00e4lt 2-3 personer Vattent\u00e4tt familjet\u00e4lt Vandring Camping Kasta popup-t\u00e4lt\" srcset=\"https:\/\/uoogear.com\/wp-content\/uploads\/2023\/11\/HTB1ak5xbBGE3KVjSZFhq6AkaFXaE.jpg 750w, https:\/\/uoogear.com\/wp-content\/uploads\/2023\/11\/HTB1ak5xbBGE3KVjSZFhq6AkaFXaE-254x300.jpg 254w, https:\/\/uoogear.com\/wp-content\/uploads\/2023\/11\/HTB1ak5xbBGE3KVjSZFhq6AkaFXaE-600x709.jpg 600w, https:\/\/uoogear.com\/wp-content\/uploads\/2023\/11\/HTB1ak5xbBGE3KVjSZFhq6AkaFXaE-46x54.jpg 46w\" sizes=\"auto, (max-width: 750px) 100vw, 750px\" \/><img loading=\"lazy\" decoding=\"async\" class=\"alignnone size-full wp-image-5142\" src=\"https:\/\/uoogear.com\/wp-content\/uploads\/2023\/11\/HTB1g9qybCWD3KVjSZSgq6ACxVXa6.jpg\" width=\"750\" height=\"1224\" alt=\"Automatiskt utomhust\u00e4lt 2-3 personer Vattent\u00e4tt familjet\u00e4lt Vandring Camping Kasta popup-t\u00e4lt\" srcset=\"https:\/\/uoogear.com\/wp-content\/uploads\/2023\/11\/HTB1g9qybCWD3KVjSZSgq6ACxVXa6.jpg 750w, https:\/\/uoogear.com\/wp-content\/uploads\/2023\/11\/HTB1g9qybCWD3KVjSZSgq6ACxVXa6-184x300.jpg 184w, https:\/\/uoogear.com\/wp-content\/uploads\/2023\/11\/HTB1g9qybCWD3KVjSZSgq6ACxVXa6-627x1024.jpg 627w, https:\/\/uoogear.com\/wp-content\/uploads\/2023\/11\/HTB1g9qybCWD3KVjSZSgq6ACxVXa6-600x979.jpg 600w, https:\/\/uoogear.com\/wp-content\/uploads\/2023\/11\/HTB1g9qybCWD3KVjSZSgq6ACxVXa6-33x54.jpg 33w\" sizes=\"auto, (max-width: 750px) 100vw, 750px\" \/><img loading=\"lazy\" decoding=\"async\" class=\"alignnone size-full wp-image-5143\" src=\"https:\/\/uoogear.com\/wp-content\/uploads\/2023\/11\/HTB1ypKzbBSD3KVjSZFqq6A4bpXaD.jpg\" width=\"750\" height=\"1134\" alt=\"Automatiskt utomhust\u00e4lt 2-3 personer Vattent\u00e4tt familjet\u00e4lt Vandring Camping Kasta popup-t\u00e4lt\" srcset=\"https:\/\/uoogear.com\/wp-content\/uploads\/2023\/11\/HTB1ypKzbBSD3KVjSZFqq6A4bpXaD.jpg 750w, https:\/\/uoogear.com\/wp-content\/uploads\/2023\/11\/HTB1ypKzbBSD3KVjSZFqq6A4bpXaD-198x300.jpg 198w, https:\/\/uoogear.com\/wp-content\/uploads\/2023\/11\/HTB1ypKzbBSD3KVjSZFqq6A4bpXaD-677x1024.jpg 677w, https:\/\/uoogear.com\/wp-content\/uploads\/2023\/11\/HTB1ypKzbBSD3KVjSZFqq6A4bpXaD-600x907.jpg 600w, https:\/\/uoogear.com\/wp-content\/uploads\/2023\/11\/HTB1ypKzbBSD3KVjSZFqq6A4bpXaD-36x54.jpg 36w\" sizes=\"auto, (max-width: 750px) 100vw, 750px\" \/><img loading=\"lazy\" decoding=\"async\" class=\"alignnone size-full wp-image-5144\" src=\"https:\/\/uoogear.com\/wp-content\/uploads\/2023\/11\/HTB1qJOCbBGw3KVjSZFwq6zQ2FXag.jpg\" width=\"750\" height=\"1266\" alt=\"Automatiskt utomhust\u00e4lt 2-3 personer Vattent\u00e4tt familjet\u00e4lt Vandring Camping Kasta popup-t\u00e4lt\" srcset=\"https:\/\/uoogear.com\/wp-content\/uploads\/2023\/11\/HTB1qJOCbBGw3KVjSZFwq6zQ2FXag.jpg 750w, https:\/\/uoogear.com\/wp-content\/uploads\/2023\/11\/HTB1qJOCbBGw3KVjSZFwq6zQ2FXag-178x300.jpg 178w, https:\/\/uoogear.com\/wp-content\/uploads\/2023\/11\/HTB1qJOCbBGw3KVjSZFwq6zQ2FXag-607x1024.jpg 607w, https:\/\/uoogear.com\/wp-content\/uploads\/2023\/11\/HTB1qJOCbBGw3KVjSZFwq6zQ2FXag-600x1013.jpg 600w, https:\/\/uoogear.com\/wp-content\/uploads\/2023\/11\/HTB1qJOCbBGw3KVjSZFwq6zQ2FXag-32x54.jpg 32w\" sizes=\"auto, (max-width: 750px) 100vw, 750px\" \/><img loading=\"lazy\" decoding=\"async\" class=\"alignnone size-full wp-image-5145\" src=\"https:\/\/uoogear.com\/wp-content\/uploads\/2023\/11\/HTB1YfGCbBKw3KVjSZFOq6yrDVXap.jpg\" width=\"750\" height=\"822\" alt=\"Automatiskt utomhust\u00e4lt 2-3 personer Vattent\u00e4tt familjet\u00e4lt Vandring Camping Kasta popup-t\u00e4lt\" srcset=\"https:\/\/uoogear.com\/wp-content\/uploads\/2023\/11\/HTB1YfGCbBKw3KVjSZFOq6yrDVXap.jpg 750w, https:\/\/uoogear.com\/wp-content\/uploads\/2023\/11\/HTB1YfGCbBKw3KVjSZFOq6yrDVXap-274x300.jpg 274w, https:\/\/uoogear.com\/wp-content\/uploads\/2023\/11\/HTB1YfGCbBKw3KVjSZFOq6yrDVXap-600x658.jpg 600w, https:\/\/uoogear.com\/wp-content\/uploads\/2023\/11\/HTB1YfGCbBKw3KVjSZFOq6yrDVXap-49x54.jpg 49w\" sizes=\"auto, (max-width: 750px) 100vw, 750px\" \/><img loading=\"lazy\" decoding=\"async\" class=\"alignnone size-full wp-image-5146\" src=\"https:\/\/uoogear.com\/wp-content\/uploads\/2023\/11\/HTB1XYaybAWE3KVjSZSyq6xocXXa9.jpg\" width=\"750\" height=\"1076\" alt=\"Automatiskt utomhust\u00e4lt 2-3 personer Vattent\u00e4tt familjet\u00e4lt Vandring Camping Kasta popup-t\u00e4lt\" srcset=\"https:\/\/uoogear.com\/wp-content\/uploads\/2023\/11\/HTB1XYaybAWE3KVjSZSyq6xocXXa9.jpg 750w, https:\/\/uoogear.com\/wp-content\/uploads\/2023\/11\/HTB1XYaybAWE3KVjSZSyq6xocXXa9-209x300.jpg 209w, https:\/\/uoogear.com\/wp-content\/uploads\/2023\/11\/HTB1XYaybAWE3KVjSZSyq6xocXXa9-714x1024.jpg 714w, https:\/\/uoogear.com\/wp-content\/uploads\/2023\/11\/HTB1XYaybAWE3KVjSZSyq6xocXXa9-600x861.jpg 600w, https:\/\/uoogear.com\/wp-content\/uploads\/2023\/11\/HTB1XYaybAWE3KVjSZSyq6xocXXa9-38x54.jpg 38w\" sizes=\"auto, (max-width: 750px) 100vw, 750px\" \/><img loading=\"lazy\" decoding=\"async\" class=\"alignnone size-full wp-image-5147\" src=\"https:\/\/uoogear.com\/wp-content\/uploads\/2023\/11\/HTB1HUSvbwKG3KVjSZFLq6yMvXXad.jpg\" width=\"750\" height=\"497\" alt=\"Automatiskt utomhust\u00e4lt 2-3 personer Vattent\u00e4tt familjet\u00e4lt Vandring Camping Kasta popup-t\u00e4lt\" srcset=\"https:\/\/uoogear.com\/wp-content\/uploads\/2023\/11\/HTB1HUSvbwKG3KVjSZFLq6yMvXXad.jpg 750w, https:\/\/uoogear.com\/wp-content\/uploads\/2023\/11\/HTB1HUSvbwKG3KVjSZFLq6yMvXXad-300x199.jpg 300w, https:\/\/uoogear.com\/wp-content\/uploads\/2023\/11\/HTB1HUSvbwKG3KVjSZFLq6yMvXXad-600x398.jpg 600w, https:\/\/uoogear.com\/wp-content\/uploads\/2023\/11\/HTB1HUSvbwKG3KVjSZFLq6yMvXXad-81x54.jpg 81w\" sizes=\"auto, (max-width: 750px) 100vw, 750px\" \/><img loading=\"lazy\" decoding=\"async\" class=\"alignnone size-full wp-image-5148\" src=\"https:\/\/uoogear.com\/wp-content\/uploads\/2023\/11\/HTB1D0CwbEWF3KVjSZPhq6xclXXap.jpg\" width=\"750\" height=\"914\" alt=\"Automatiskt utomhust\u00e4lt 2-3 personer Vattent\u00e4tt familjet\u00e4lt Vandring Camping Kasta popup-t\u00e4lt\" srcset=\"https:\/\/uoogear.com\/wp-content\/uploads\/2023\/11\/HTB1D0CwbEWF3KVjSZPhq6xclXXap.jpg 750w, https:\/\/uoogear.com\/wp-content\/uploads\/2023\/11\/HTB1D0CwbEWF3KVjSZPhq6xclXXap-246x300.jpg 246w, https:\/\/uoogear.com\/wp-content\/uploads\/2023\/11\/HTB1D0CwbEWF3KVjSZPhq6xclXXap-600x731.jpg 600w, https:\/\/uoogear.com\/wp-content\/uploads\/2023\/11\/HTB1D0CwbEWF3KVjSZPhq6xclXXap-44x54.jpg 44w\" sizes=\"auto, (max-width: 750px) 100vw, 750px\" \/><img loading=\"lazy\" decoding=\"async\" class=\"alignnone size-full wp-image-5149\" src=\"https:\/\/uoogear.com\/wp-content\/uploads\/2023\/11\/HTB1RHuybBaE3KVjSZLeq6xsSFXap.jpg\" width=\"750\" height=\"1075\" alt=\"Automatiskt utomhust\u00e4lt 2-3 personer Vattent\u00e4tt familjet\u00e4lt Vandring Camping Kasta popup-t\u00e4lt\" srcset=\"https:\/\/uoogear.com\/wp-content\/uploads\/2023\/11\/HTB1RHuybBaE3KVjSZLeq6xsSFXap.jpg 750w, https:\/\/uoogear.com\/wp-content\/uploads\/2023\/11\/HTB1RHuybBaE3KVjSZLeq6xsSFXap-209x300.jpg 209w, https:\/\/uoogear.com\/wp-content\/uploads\/2023\/11\/HTB1RHuybBaE3KVjSZLeq6xsSFXap-714x1024.jpg 714w, https:\/\/uoogear.com\/wp-content\/uploads\/2023\/11\/HTB1RHuybBaE3KVjSZLeq6xsSFXap-600x860.jpg 600w, https:\/\/uoogear.com\/wp-content\/uploads\/2023\/11\/HTB1RHuybBaE3KVjSZLeq6xsSFXap-38x54.jpg 38w\" sizes=\"auto, (max-width: 750px) 100vw, 750px\" \/><img loading=\"lazy\" decoding=\"async\" class=\"alignnone size-full wp-image-5150\" src=\"https:\/\/uoogear.com\/wp-content\/uploads\/2023\/11\/HTB1kv9CbBKw3KVjSZFOq6yrDVXaO.jpg\" width=\"750\" height=\"951\" alt=\"Automatiskt utomhust\u00e4lt 2-3 personer Vattent\u00e4tt familjet\u00e4lt Vandring Camping Kasta popup-t\u00e4lt\" srcset=\"https:\/\/uoogear.com\/wp-content\/uploads\/2023\/11\/HTB1kv9CbBKw3KVjSZFOq6yrDVXaO.jpg 750w, https:\/\/uoogear.com\/wp-content\/uploads\/2023\/11\/HTB1kv9CbBKw3KVjSZFOq6yrDVXaO-237x300.jpg 237w, https:\/\/uoogear.com\/wp-content\/uploads\/2023\/11\/HTB1kv9CbBKw3KVjSZFOq6yrDVXaO-600x761.jpg 600w, https:\/\/uoogear.com\/wp-content\/uploads\/2023\/11\/HTB1kv9CbBKw3KVjSZFOq6yrDVXaO-43x54.jpg 43w\" sizes=\"auto, (max-width: 750px) 100vw, 750px\" \/><img loading=\"lazy\" decoding=\"async\" class=\"alignnone size-full wp-image-5151\" src=\"https:\/\/uoogear.com\/wp-content\/uploads\/2023\/11\/HTB1eGWwbEKF3KVjSZFEq6xExFXac.jpg\" width=\"750\" height=\"505\" alt=\"Automatiskt utomhust\u00e4lt 2-3 personer Vattent\u00e4tt familjet\u00e4lt Vandring Camping Kasta popup-t\u00e4lt\" srcset=\"https:\/\/uoogear.com\/wp-content\/uploads\/2023\/11\/HTB1eGWwbEKF3KVjSZFEq6xExFXac.jpg 750w, https:\/\/uoogear.com\/wp-content\/uploads\/2023\/11\/HTB1eGWwbEKF3KVjSZFEq6xExFXac-300x202.jpg 300w, https:\/\/uoogear.com\/wp-content\/uploads\/2023\/11\/HTB1eGWwbEKF3KVjSZFEq6xExFXac-600x404.jpg 600w, https:\/\/uoogear.com\/wp-content\/uploads\/2023\/11\/HTB1eGWwbEKF3KVjSZFEq6xExFXac-80x54.jpg 80w\" sizes=\"auto, (max-width: 750px) 100vw, 750px\" \/><\/p>\n<\/div>","protected":false},"excerpt":{"rendered":"<p>Yta: 3,5 Tyg: Nylon Yttert\u00e4lt Vattent\u00e4t Index: 2000-3000 Mm Botten Vattent\u00e4t Index: 2000-3000 Mm Byggnadstyp: Snabbautomatisk \u00f6ppningst\u00e4lt Stil: Diagonal Stigningstyp S\u00e4song: Tre-s\u00e4songs T\u00e4ltstruktur: Campingt\u00e4lt Produktnamn: Ett sovrum T\u00e4lt Anv\u00e4ndning: Utomhuscamping Vildt\u00e4lt Anv\u00e4ndning: Automatiskt utomhust\u00e4lt<\/p>\n<div class=\"read-more\"><a class=\"btn btn-fill-out\" href=\"https:\/\/uoogear.com\/sv\/produkt\/outdoor-automatic-tent-2-3-people-waterproof-family-tent-hiking-camping-throwing-pop-up-tent\/\">L\u00e4s mer<\/a><\/div>","protected":false},"featured_media":4831,"template":"","meta":[],"product_brand":[],"product_cat":[15],"product_tag":[],"class_list":{"0":"post-4833","1":"product","2":"type-product","3":"status-publish","4":"has-post-thumbnail","6":"product_cat-uncategorized","7":"tm-no-options","9":"first","10":"instock","11":"shipping-taxable","12":"purchasable","13":"product-type-variable"},"_links":{"self":[{"href":"https:\/\/uoogear.com\/sv\/wp-json\/wp\/v2\/product\/4833","targetHints":{"allow":["GET"]}}],"collection":[{"href":"https:\/\/uoogear.com\/sv\/wp-json\/wp\/v2\/product"}],"about":[{"href":"https:\/\/uoogear.com\/sv\/wp-json\/wp\/v2\/types\/product"}],"wp:featuredmedia":[{"embeddable":true,"href":"https:\/\/uoogear.com\/sv\/wp-json\/wp\/v2\/media\/4831"}],"wp:attachment":[{"href":"https:\/\/uoogear.com\/sv\/wp-json\/wp\/v2\/media?parent=4833"}],"wp:term":[{"taxonomy":"product_brand","embeddable":true,"href":"https:\/\/uoogear.com\/sv\/wp-json\/wp\/v2\/product_brand?post=4833"},{"taxonomy":"product_cat","embeddable":true,"href":"https:\/\/uoogear.com\/sv\/wp-json\/wp\/v2\/product_cat?post=4833"},{"taxonomy":"product_tag","embeddable":true,"href":"https:\/\/uoogear.com\/sv\/wp-json\/wp\/v2\/product_tag?post=4833"}],"curies":[{"name":"wp","href":"https:\/\/api.w.org\/{rel}","templated":true}]}}