{"id":4840,"date":"2023-11-14T02:33:48","date_gmt":"2023-11-14T02:33:48","guid":{"rendered":"https:\/\/uoogear.com\/product\/outdoor-upgrade-automatic-tent-3-4-people-double-rainproof-camping-tent-thickening\/"},"modified":"2023-11-30T02:38:04","modified_gmt":"2023-11-30T02:38:04","slug":"outdoor-upgrade-automatic-tent-3-4-people-double-rainproof-camping-tent-thickening","status":"publish","type":"product","link":"https:\/\/uoogear.com\/sv\/produkt\/outdoor-upgrade-automatic-tent-3-4-people-double-rainproof-camping-tent-thickening\/","title":{"rendered":"Utomhusuppgradering automatiskt t\u00e4lt 3-4 personer dubbel regnt\u00e4tt campingt\u00e4lt f\u00f6rtjockning"},"content":{"rendered":"<ul>\n<li><strong>Omr\u00e5de: <\/strong> 4<\/li>\n<li><strong>Tyg: <\/strong> Nylon<\/li>\n<li><strong>Yttert\u00e4lt Vattent\u00e4tt Index: <\/strong> 2000-3000 mm<\/li>\n<li><strong>Nedre vattent\u00e4ta index: <\/strong> 2000-3000 mm<\/li>\n<li><strong>T\u00e4ltstil: <\/strong> Diagonalstag typ<\/li>\n<li><strong>S\u00e4song : <\/strong> Fyra s\u00e4songst\u00e4lt<\/li>\n<li><strong>Struktur: <\/strong> Ett sovrum<\/li>\n<li><strong>Produktnamn : <\/strong> automatiskt t\u00e4lt<\/li>\n<li><strong>Anv\u00e4ndning: <\/strong> Utomhuscamping Vildt\u00e4lt<\/li>\n<li><strong>Ans\u00f6kan : <\/strong> Utomhuscamping familjet\u00e4lt<\/li>\n<\/ul>\n<div>\n<p><strong>Utomhusuppgradering automatiskt t\u00e4lt 3-4 personer dubbel regnt\u00e4tt campingt\u00e4lt f\u00f6rtjockning<\/strong><\/p>\n<p>Nytt automatiskt t\u00e4lt<\/p>\n<p>Produktnamn: 3-4 personer automatiskt t\u00e4lt<br \/>\nM\u00e5tt: 210*210*150cm<br \/>\nF\u00f6rpackning: 13*72cm (diameter * l\u00e4ngd)<br \/>\nTyg: 210T polyestertaft vattent\u00e4t bel\u00e4ggning 5000MM<br \/>\nBastyg: 210D Oxford tyg vattent\u00e4t bel\u00e4ggning 3000MM<br \/>\nInre konto: 210T polyestertaft + B3 mesh<br \/>\nSt\u00e5ng: pneumatisk cylinder automatisk ram<br \/>\nVikt: 5100 gram<br \/>\nF\u00e4rg: safir orange arm\u00e9gr\u00f6n gr\u00e4sgr\u00f6n<\/p>\n<p><img loading=\"lazy\" decoding=\"async\" class=\"alignnone size-full wp-image-5152\" src=\"https:\/\/uoogear.com\/wp-content\/uploads\/2023\/11\/HTB1xSwTcoGF3KVjSZFoq6zmpFXar.jpg\" width=\"750\" height=\"538\" alt=\"Utomhusuppgradering automatiskt t\u00e4lt 3-4 personer dubbel regnt\u00e4tt campingt\u00e4lt f\u00f6rtjockning\" srcset=\"https:\/\/uoogear.com\/wp-content\/uploads\/2023\/11\/HTB1xSwTcoGF3KVjSZFoq6zmpFXar.jpg 750w, https:\/\/uoogear.com\/wp-content\/uploads\/2023\/11\/HTB1xSwTcoGF3KVjSZFoq6zmpFXar-300x215.jpg 300w, https:\/\/uoogear.com\/wp-content\/uploads\/2023\/11\/HTB1xSwTcoGF3KVjSZFoq6zmpFXar-600x430.jpg 600w, https:\/\/uoogear.com\/wp-content\/uploads\/2023\/11\/HTB1xSwTcoGF3KVjSZFoq6zmpFXar-75x54.jpg 75w\" sizes=\"auto, (max-width: 750px) 100vw, 750px\" \/><img loading=\"lazy\" decoding=\"async\" class=\"alignnone size-full wp-image-5153\" src=\"https:\/\/uoogear.com\/wp-content\/uploads\/2023\/11\/HTB1BpZTcf1H3KVjSZFBq6zSMXXa0.jpg\" width=\"750\" height=\"540\" alt=\"Utomhusuppgradering automatiskt t\u00e4lt 3-4 personer dubbel regnt\u00e4tt campingt\u00e4lt f\u00f6rtjockning\" srcset=\"https:\/\/uoogear.com\/wp-content\/uploads\/2023\/11\/HTB1BpZTcf1H3KVjSZFBq6zSMXXa0.jpg 750w, https:\/\/uoogear.com\/wp-content\/uploads\/2023\/11\/HTB1BpZTcf1H3KVjSZFBq6zSMXXa0-300x216.jpg 300w, https:\/\/uoogear.com\/wp-content\/uploads\/2023\/11\/HTB1BpZTcf1H3KVjSZFBq6zSMXXa0-600x432.jpg 600w, https:\/\/uoogear.com\/wp-content\/uploads\/2023\/11\/HTB1BpZTcf1H3KVjSZFBq6zSMXXa0-75x54.jpg 75w\" sizes=\"auto, (max-width: 750px) 100vw, 750px\" \/><img loading=\"lazy\" decoding=\"async\" class=\"alignnone size-full wp-image-5154\" src=\"https:\/\/uoogear.com\/wp-content\/uploads\/2023\/11\/HTB10W.1clKw3KVjSZFOq6yrDVXaV.jpg\" width=\"750\" height=\"429\" alt=\"Utomhusuppgradering automatiskt t\u00e4lt 3-4 personer dubbel regnt\u00e4tt campingt\u00e4lt f\u00f6rtjockning\" srcset=\"https:\/\/uoogear.com\/wp-content\/uploads\/2023\/11\/HTB10W.1clKw3KVjSZFOq6yrDVXaV.jpg 750w, https:\/\/uoogear.com\/wp-content\/uploads\/2023\/11\/HTB10W.1clKw3KVjSZFOq6yrDVXaV-300x172.jpg 300w, https:\/\/uoogear.com\/wp-content\/uploads\/2023\/11\/HTB10W.1clKw3KVjSZFOq6yrDVXaV-600x343.jpg 600w, https:\/\/uoogear.com\/wp-content\/uploads\/2023\/11\/HTB10W.1clKw3KVjSZFOq6yrDVXaV-90x51.jpg 90w\" sizes=\"auto, (max-width: 750px) 100vw, 750px\" \/><img loading=\"lazy\" decoding=\"async\" class=\"alignnone size-full wp-image-5155\" src=\"https:\/\/uoogear.com\/wp-content\/uploads\/2023\/11\/HTB1U5tlXgFY.1VjSZFnq6AFHXXay.jpg\" width=\"750\" height=\"889\" alt=\"Utomhusuppgradering automatiskt t\u00e4lt 3-4 personer dubbel regnt\u00e4tt campingt\u00e4lt f\u00f6rtjockning\" srcset=\"https:\/\/uoogear.com\/wp-content\/uploads\/2023\/11\/HTB1U5tlXgFY.1VjSZFnq6AFHXXay.jpg 750w, https:\/\/uoogear.com\/wp-content\/uploads\/2023\/11\/HTB1U5tlXgFY.1VjSZFnq6AFHXXay-253x300.jpg 253w, https:\/\/uoogear.com\/wp-content\/uploads\/2023\/11\/HTB1U5tlXgFY.1VjSZFnq6AFHXXay-600x711.jpg 600w, https:\/\/uoogear.com\/wp-content\/uploads\/2023\/11\/HTB1U5tlXgFY.1VjSZFnq6AFHXXay-46x54.jpg 46w\" sizes=\"auto, (max-width: 750px) 100vw, 750px\" \/><img loading=\"lazy\" decoding=\"async\" class=\"alignnone size-full wp-image-5156\" src=\"https:\/\/uoogear.com\/wp-content\/uploads\/2023\/11\/HTB1cYM1clKw3KVjSZFOq6yrDVXa4.jpg\" width=\"750\" height=\"930\" alt=\"Utomhusuppgradering automatiskt t\u00e4lt 3-4 personer dubbel regnt\u00e4tt campingt\u00e4lt f\u00f6rtjockning\" srcset=\"https:\/\/uoogear.com\/wp-content\/uploads\/2023\/11\/HTB1cYM1clKw3KVjSZFOq6yrDVXa4.jpg 750w, https:\/\/uoogear.com\/wp-content\/uploads\/2023\/11\/HTB1cYM1clKw3KVjSZFOq6yrDVXa4-242x300.jpg 242w, https:\/\/uoogear.com\/wp-content\/uploads\/2023\/11\/HTB1cYM1clKw3KVjSZFOq6yrDVXa4-600x744.jpg 600w, https:\/\/uoogear.com\/wp-content\/uploads\/2023\/11\/HTB1cYM1clKw3KVjSZFOq6yrDVXa4-44x54.jpg 44w\" sizes=\"auto, (max-width: 750px) 100vw, 750px\" \/><img loading=\"lazy\" decoding=\"async\" class=\"alignnone size-full wp-image-5157\" src=\"https:\/\/uoogear.com\/wp-content\/uploads\/2023\/11\/HTB1TrI1clKw3KVjSZFOq6yrDVXae.jpg\" width=\"750\" height=\"563\" alt=\"Utomhusuppgradering automatiskt t\u00e4lt 3-4 personer dubbel regnt\u00e4tt campingt\u00e4lt f\u00f6rtjockning\" srcset=\"https:\/\/uoogear.com\/wp-content\/uploads\/2023\/11\/HTB1TrI1clKw3KVjSZFOq6yrDVXae.jpg 750w, https:\/\/uoogear.com\/wp-content\/uploads\/2023\/11\/HTB1TrI1clKw3KVjSZFOq6yrDVXae-300x225.jpg 300w, https:\/\/uoogear.com\/wp-content\/uploads\/2023\/11\/HTB1TrI1clKw3KVjSZFOq6yrDVXae-600x450.jpg 600w, https:\/\/uoogear.com\/wp-content\/uploads\/2023\/11\/HTB1TrI1clKw3KVjSZFOq6yrDVXae-72x54.jpg 72w\" sizes=\"auto, (max-width: 750px) 100vw, 750px\" \/><img loading=\"lazy\" decoding=\"async\" class=\"alignnone size-full wp-image-5158\" src=\"https:\/\/uoogear.com\/wp-content\/uploads\/2023\/11\/HTB10yhlXgFY.1VjSZFqq6ydbXXas.jpg\" width=\"750\" height=\"508\" alt=\"Utomhusuppgradering automatiskt t\u00e4lt 3-4 personer dubbel regnt\u00e4tt campingt\u00e4lt f\u00f6rtjockning\" srcset=\"https:\/\/uoogear.com\/wp-content\/uploads\/2023\/11\/HTB10yhlXgFY.1VjSZFqq6ydbXXas.jpg 750w, https:\/\/uoogear.com\/wp-content\/uploads\/2023\/11\/HTB10yhlXgFY.1VjSZFqq6ydbXXas-300x203.jpg 300w, https:\/\/uoogear.com\/wp-content\/uploads\/2023\/11\/HTB10yhlXgFY.1VjSZFqq6ydbXXas-600x406.jpg 600w, https:\/\/uoogear.com\/wp-content\/uploads\/2023\/11\/HTB10yhlXgFY.1VjSZFqq6ydbXXas-80x54.jpg 80w\" sizes=\"auto, (max-width: 750px) 100vw, 750px\" \/><img loading=\"lazy\" decoding=\"async\" class=\"alignnone size-full wp-image-5159\" src=\"https:\/\/uoogear.com\/wp-content\/uploads\/2023\/11\/HTB1oO7TcoCF3KVjSZJnq6znHFXaK.jpg\" width=\"750\" height=\"508\" alt=\"Utomhusuppgradering automatiskt t\u00e4lt 3-4 personer dubbel regnt\u00e4tt campingt\u00e4lt f\u00f6rtjockning\" srcset=\"https:\/\/uoogear.com\/wp-content\/uploads\/2023\/11\/HTB1oO7TcoCF3KVjSZJnq6znHFXaK.jpg 750w, https:\/\/uoogear.com\/wp-content\/uploads\/2023\/11\/HTB1oO7TcoCF3KVjSZJnq6znHFXaK-300x203.jpg 300w, https:\/\/uoogear.com\/wp-content\/uploads\/2023\/11\/HTB1oO7TcoCF3KVjSZJnq6znHFXaK-600x406.jpg 600w, https:\/\/uoogear.com\/wp-content\/uploads\/2023\/11\/HTB1oO7TcoCF3KVjSZJnq6znHFXaK-80x54.jpg 80w\" sizes=\"auto, (max-width: 750px) 100vw, 750px\" \/><img loading=\"lazy\" decoding=\"async\" class=\"alignnone size-full wp-image-5160\" src=\"https:\/\/uoogear.com\/wp-content\/uploads\/2023\/11\/HTB1dO7TcoCF3KVjSZJnq6znHFXan.jpg\" width=\"750\" height=\"506\" alt=\"Utomhusuppgradering automatiskt t\u00e4lt 3-4 personer dubbel regnt\u00e4tt campingt\u00e4lt f\u00f6rtjockning\" srcset=\"https:\/\/uoogear.com\/wp-content\/uploads\/2023\/11\/HTB1dO7TcoCF3KVjSZJnq6znHFXan.jpg 750w, https:\/\/uoogear.com\/wp-content\/uploads\/2023\/11\/HTB1dO7TcoCF3KVjSZJnq6znHFXan-300x202.jpg 300w, https:\/\/uoogear.com\/wp-content\/uploads\/2023\/11\/HTB1dO7TcoCF3KVjSZJnq6znHFXan-600x405.jpg 600w, https:\/\/uoogear.com\/wp-content\/uploads\/2023\/11\/HTB1dO7TcoCF3KVjSZJnq6znHFXan-80x54.jpg 80w\" sizes=\"auto, (max-width: 750px) 100vw, 750px\" \/><img loading=\"lazy\" decoding=\"async\" class=\"alignnone size-full wp-image-5161\" src=\"https:\/\/uoogear.com\/wp-content\/uploads\/2023\/11\/HTB16a7Vck5E3KVjSZFCq6zuzXXaJ.jpg\" width=\"750\" height=\"474\" alt=\"Utomhusuppgradering automatiskt t\u00e4lt 3-4 personer dubbel regnt\u00e4tt campingt\u00e4lt f\u00f6rtjockning\" srcset=\"https:\/\/uoogear.com\/wp-content\/uploads\/2023\/11\/HTB16a7Vck5E3KVjSZFCq6zuzXXaJ.jpg 750w, https:\/\/uoogear.com\/wp-content\/uploads\/2023\/11\/HTB16a7Vck5E3KVjSZFCq6zuzXXaJ-300x190.jpg 300w, https:\/\/uoogear.com\/wp-content\/uploads\/2023\/11\/HTB16a7Vck5E3KVjSZFCq6zuzXXaJ-600x379.jpg 600w, https:\/\/uoogear.com\/wp-content\/uploads\/2023\/11\/HTB16a7Vck5E3KVjSZFCq6zuzXXaJ-85x54.jpg 85w\" sizes=\"auto, (max-width: 750px) 100vw, 750px\" \/><img loading=\"lazy\" decoding=\"async\" class=\"alignnone size-full wp-image-5162\" src=\"https:\/\/uoogear.com\/wp-content\/uploads\/2023\/11\/HTB1uV08XLBj_uVjSZFpq6A0SXXaF.jpg\" width=\"750\" height=\"518\" alt=\"Utomhusuppgradering automatiskt t\u00e4lt 3-4 personer dubbel regnt\u00e4tt campingt\u00e4lt f\u00f6rtjockning\" srcset=\"https:\/\/uoogear.com\/wp-content\/uploads\/2023\/11\/HTB1uV08XLBj_uVjSZFpq6A0SXXaF.jpg 750w, https:\/\/uoogear.com\/wp-content\/uploads\/2023\/11\/HTB1uV08XLBj_uVjSZFpq6A0SXXaF-300x207.jpg 300w, https:\/\/uoogear.com\/wp-content\/uploads\/2023\/11\/HTB1uV08XLBj_uVjSZFpq6A0SXXaF-600x414.jpg 600w, https:\/\/uoogear.com\/wp-content\/uploads\/2023\/11\/HTB1uV08XLBj_uVjSZFpq6A0SXXaF-78x54.jpg 78w\" sizes=\"auto, (max-width: 750px) 100vw, 750px\" \/><img loading=\"lazy\" decoding=\"async\" class=\"alignnone size-full wp-image-5163\" src=\"https:\/\/uoogear.com\/wp-content\/uploads\/2023\/11\/HTB1uZM4cbus3KVjSZKbq6xqkFXao.jpg\" width=\"750\" height=\"506\" alt=\"Utomhusuppgradering automatiskt t\u00e4lt 3-4 personer dubbel regnt\u00e4tt campingt\u00e4lt f\u00f6rtjockning\" srcset=\"https:\/\/uoogear.com\/wp-content\/uploads\/2023\/11\/HTB1uZM4cbus3KVjSZKbq6xqkFXao.jpg 750w, https:\/\/uoogear.com\/wp-content\/uploads\/2023\/11\/HTB1uZM4cbus3KVjSZKbq6xqkFXao-300x202.jpg 300w, https:\/\/uoogear.com\/wp-content\/uploads\/2023\/11\/HTB1uZM4cbus3KVjSZKbq6xqkFXao-600x405.jpg 600w, https:\/\/uoogear.com\/wp-content\/uploads\/2023\/11\/HTB1uZM4cbus3KVjSZKbq6xqkFXao-80x54.jpg 80w\" sizes=\"auto, (max-width: 750px) 100vw, 750px\" \/><img loading=\"lazy\" decoding=\"async\" class=\"alignnone size-full wp-image-5164\" src=\"https:\/\/uoogear.com\/wp-content\/uploads\/2023\/11\/HTB1GiZ0clGw3KVjSZFwq6zQ2FXan.jpg\" width=\"750\" height=\"508\" alt=\"Utomhusuppgradering automatiskt t\u00e4lt 3-4 personer dubbel regnt\u00e4tt campingt\u00e4lt f\u00f6rtjockning\" srcset=\"https:\/\/uoogear.com\/wp-content\/uploads\/2023\/11\/HTB1GiZ0clGw3KVjSZFwq6zQ2FXan.jpg 750w, https:\/\/uoogear.com\/wp-content\/uploads\/2023\/11\/HTB1GiZ0clGw3KVjSZFwq6zQ2FXan-300x203.jpg 300w, https:\/\/uoogear.com\/wp-content\/uploads\/2023\/11\/HTB1GiZ0clGw3KVjSZFwq6zQ2FXan-600x406.jpg 600w, https:\/\/uoogear.com\/wp-content\/uploads\/2023\/11\/HTB1GiZ0clGw3KVjSZFwq6zQ2FXan-80x54.jpg 80w\" sizes=\"auto, (max-width: 750px) 100vw, 750px\" \/><img loading=\"lazy\" decoding=\"async\" class=\"alignnone size-full wp-image-5165\" src=\"https:\/\/uoogear.com\/wp-content\/uploads\/2023\/11\/HTB1vscTcfWG3KVjSZFgq6zTspXaF.jpg\" width=\"750\" height=\"878\" alt=\"Utomhusuppgradering automatiskt t\u00e4lt 3-4 personer dubbel regnt\u00e4tt campingt\u00e4lt f\u00f6rtjockning\" srcset=\"https:\/\/uoogear.com\/wp-content\/uploads\/2023\/11\/HTB1vscTcfWG3KVjSZFgq6zTspXaF.jpg 750w, https:\/\/uoogear.com\/wp-content\/uploads\/2023\/11\/HTB1vscTcfWG3KVjSZFgq6zTspXaF-256x300.jpg 256w, https:\/\/uoogear.com\/wp-content\/uploads\/2023\/11\/HTB1vscTcfWG3KVjSZFgq6zTspXaF-600x702.jpg 600w, https:\/\/uoogear.com\/wp-content\/uploads\/2023\/11\/HTB1vscTcfWG3KVjSZFgq6zTspXaF-46x54.jpg 46w\" sizes=\"auto, (max-width: 750px) 100vw, 750px\" \/><img loading=\"lazy\" decoding=\"async\" class=\"alignnone size-full wp-image-5166\" src=\"https:\/\/uoogear.com\/wp-content\/uploads\/2023\/11\/HTB1UsIWclGE3KVjSZFhq6AkaFXaA.jpg\" width=\"750\" height=\"808\" alt=\"Utomhusuppgradering automatiskt t\u00e4lt 3-4 personer dubbel regnt\u00e4tt campingt\u00e4lt f\u00f6rtjockning\" srcset=\"https:\/\/uoogear.com\/wp-content\/uploads\/2023\/11\/HTB1UsIWclGE3KVjSZFhq6AkaFXaA.jpg 750w, https:\/\/uoogear.com\/wp-content\/uploads\/2023\/11\/HTB1UsIWclGE3KVjSZFhq6AkaFXaA-278x300.jpg 278w, https:\/\/uoogear.com\/wp-content\/uploads\/2023\/11\/HTB1UsIWclGE3KVjSZFhq6AkaFXaA-600x646.jpg 600w, https:\/\/uoogear.com\/wp-content\/uploads\/2023\/11\/HTB1UsIWclGE3KVjSZFhq6AkaFXaA-50x54.jpg 50w\" sizes=\"auto, (max-width: 750px) 100vw, 750px\" \/><\/p>\n<\/div>","protected":false},"excerpt":{"rendered":"<p>Yta: 4 Tyg: Nylon Yttert\u00e4lt Vattent\u00e4tt Index: 2000-3000 Mm Botten Vattent\u00e4t Index: 2000-3000 Mm T\u00e4ltstil: Diagonal stag Typ S\u00e4song: Fyra-s\u00e4song T\u00e4ltstruktur: Ett sovrum Produktnamn: Automatiskt Vildt\u00e4lt Anv\u00e4ndning: Utomhuscamping Vildt\u00e4lt Anv\u00e4ndning: Utomhuscamping Familjet\u00e4lt Utomhusuppgradering automatiskt t\u00e4lt 3-4<\/p>\n<div class=\"read-more\"><a class=\"btn btn-fill-out\" href=\"https:\/\/uoogear.com\/sv\/produkt\/outdoor-upgrade-automatic-tent-3-4-people-double-rainproof-camping-tent-thickening\/\">L\u00e4s mer<\/a><\/div>","protected":false},"featured_media":4839,"template":"","meta":[],"product_brand":[],"product_cat":[15],"product_tag":[],"class_list":{"0":"post-4840","1":"product","2":"type-product","3":"status-publish","4":"has-post-thumbnail","6":"product_cat-uncategorized","7":"tm-no-options","9":"first","10":"instock","11":"shipping-taxable","12":"purchasable","13":"product-type-variable"},"_links":{"self":[{"href":"https:\/\/uoogear.com\/sv\/wp-json\/wp\/v2\/product\/4840","targetHints":{"allow":["GET"]}}],"collection":[{"href":"https:\/\/uoogear.com\/sv\/wp-json\/wp\/v2\/product"}],"about":[{"href":"https:\/\/uoogear.com\/sv\/wp-json\/wp\/v2\/types\/product"}],"wp:featuredmedia":[{"embeddable":true,"href":"https:\/\/uoogear.com\/sv\/wp-json\/wp\/v2\/media\/4839"}],"wp:attachment":[{"href":"https:\/\/uoogear.com\/sv\/wp-json\/wp\/v2\/media?parent=4840"}],"wp:term":[{"taxonomy":"product_brand","embeddable":true,"href":"https:\/\/uoogear.com\/sv\/wp-json\/wp\/v2\/product_brand?post=4840"},{"taxonomy":"product_cat","embeddable":true,"href":"https:\/\/uoogear.com\/sv\/wp-json\/wp\/v2\/product_cat?post=4840"},{"taxonomy":"product_tag","embeddable":true,"href":"https:\/\/uoogear.com\/sv\/wp-json\/wp\/v2\/product_tag?post=4840"}],"curies":[{"name":"wp","href":"https:\/\/api.w.org\/{rel}","templated":true}]}}