{"id":4852,"date":"2023-11-14T02:34:28","date_gmt":"2023-11-14T02:34:28","guid":{"rendered":"https:\/\/uoogear.com\/product\/large-throw-tent-outdoor-3-4-persons-automatic-speed-open-throwing-pop-up-windproof-waterproof-beach-camping-tent-large-space\/"},"modified":"2023-11-30T02:37:17","modified_gmt":"2023-11-30T02:37:17","slug":"large-throw-tent-outdoor-3-4-persons-automatic-speed-open-throwing-pop-up-windproof-waterproof-beach-camping-tent-large-space","status":"publish","type":"product","link":"https:\/\/uoogear.com\/sv\/produkt\/large-throw-tent-outdoor-3-4-persons-automatic-speed-open-throwing-pop-up-windproof-waterproof-beach-camping-tent-large-space\/","title":{"rendered":"Stort sl\u00e4ngt\u00e4lt utomhus 3-4 personer automatisk hastighet \u00f6ppen sl\u00e4ngning pop up vindt\u00e4tt vattent\u00e4tt strand campingt\u00e4lt stort utrymme"},"content":{"rendered":"<ul>\n<li><strong>St\u00e5ngmaterial: <\/strong> glasfiber<\/li>\n<li><strong>Typ : <\/strong> 3 \u2013 4 personers t\u00e4lt<\/li>\n<li><strong>Tyg: <\/strong> Oxford tyg<\/li>\n<li><strong>Skikten : <\/strong> Dubbel<\/li>\n<\/ul>\n<div>\n<p>Stort sl\u00e4ngt\u00e4lt utomhus 3-4 personer automatisk hastighet \u00f6ppen sl\u00e4ngning pop up vindt\u00e4tt vattent\u00e4tt strand campingt\u00e4lt stort utrymme<\/p>\n<p>1, Familjecampingt\u00e4lt \u00e4r popup-design, \u00f6ppnar p\u00e5 5 sekunder; hopf\u00e4llbara, l\u00e4tta att b\u00e4ra, endast 3,7 kg.<\/p>\n<p>2, N\u00e4tmaskade d\u00f6rrar och f\u00f6nster, fyra sidor av ventilation, anti-mygga och insekter; kan anv\u00e4ndas i 3 s\u00e4songer.<\/p>\n<p>3, Dubbeld\u00f6rrsdesign, l\u00e4tt att g\u00e5 in och ut; Familjecampingt\u00e4lt D\u00f6rrar och f\u00f6nster kan st\u00e4ngas helt f\u00f6r att skydda privatlivet.<\/p>\n<p>4, familjecampingt\u00e4lt stort utrymme, l\u00e4mplig f\u00f6r 3-4 personer familjev\u00e4nner att anv\u00e4nda utomhus.<\/p>\n<p>5, H\u00f6g kvalitet och h\u00e5llbara, Star Home Family Camping t\u00e4lt fungerar bra f\u00f6r korta campingresor med en liten familj, par eller individ. Star Home Family Camping t\u00e4lt l\u00e5ter dig njuta av de goda tiderna.<\/p>\n<p>&nbsp;<\/p>\n<p><img decoding=\"async\" src=\"\/\/sc02.alicdn.com\/kf\/HTB1nNN1aubviK0jSZFNq6yApXXat\/222400006\/HTB1nNN1aubviK0jSZFNq6yApXXat.jpg\" alt=\"Stort sl\u00e4ngt\u00e4lt utomhus 3-4 personer automatisk hastighet \u00f6ppen sl\u00e4ngning pop up vindt\u00e4tt vattent\u00e4tt strand campingt\u00e4lt stort utrymme\" width=\"750\" height=\"671.25\" data-src=\"\/\/sc02.alicdn.com\/kf\/HTB1nNN1aubviK0jSZFNq6yApXXat\/222400006\/HTB1nNN1aubviK0jSZFNq6yApXXat.jpg\" data-alt=\"Large throw tent outdoor 3-4 persons automatic speed open throwing pop up windproof waterproof beach camping tent large space\" \/><img decoding=\"async\" src=\"\/\/sc01.alicdn.com\/kf\/HTB1Fy3za1H2gK0jSZJnq6yT1FXaw\/222400006\/HTB1Fy3za1H2gK0jSZJnq6yT1FXaw.jpg\" alt=\"Stort sl\u00e4ngt\u00e4lt utomhus 3-4 personer automatisk hastighet \u00f6ppen sl\u00e4ngning pop up vindt\u00e4tt vattent\u00e4tt strand campingt\u00e4lt stort utrymme\" width=\"750\" height=\"648.75\" data-src=\"\/\/sc01.alicdn.com\/kf\/HTB1Fy3za1H2gK0jSZJnq6yT1FXaw\/222400006\/HTB1Fy3za1H2gK0jSZJnq6yT1FXaw.jpg\" data-alt=\"Large throw tent outdoor 3-4 persons automatic speed open throwing pop up windproof waterproof beach camping tent large space\" \/><img decoding=\"async\" src=\"\/\/sc01.alicdn.com\/kf\/HTB1LwZza7L0gK0jSZFAq6AA9pXaD\/222400006\/HTB1LwZza7L0gK0jSZFAq6AA9pXaD.jpg\" alt=\"Stort sl\u00e4ngt\u00e4lt utomhus 3-4 personer automatisk hastighet \u00f6ppen sl\u00e4ngning pop up vindt\u00e4tt vattent\u00e4tt strand campingt\u00e4lt stort utrymme\" width=\"750\" height=\"881.25\" data-src=\"\/\/sc01.alicdn.com\/kf\/HTB1LwZza7L0gK0jSZFAq6AA9pXaD\/222400006\/HTB1LwZza7L0gK0jSZFAq6AA9pXaD.jpg\" data-alt=\"Large throw tent outdoor 3-4 persons automatic speed open throwing pop up windproof waterproof beach camping tent large space\" \/><img decoding=\"async\" src=\"\/\/sc01.alicdn.com\/kf\/HTB1zyUya.D1gK0jSZFGq6zd3FXab\/222400006\/HTB1zyUya.D1gK0jSZFGq6zd3FXab.jpg\" alt=\"Stort sl\u00e4ngt\u00e4lt utomhus 3-4 personer automatisk hastighet \u00f6ppen sl\u00e4ngning pop up vindt\u00e4tt vattent\u00e4tt strand campingt\u00e4lt stort utrymme\" width=\"750\" height=\"534.375\" data-src=\"\/\/sc01.alicdn.com\/kf\/HTB1zyUya.D1gK0jSZFGq6zd3FXab\/222400006\/HTB1zyUya.D1gK0jSZFGq6zd3FXab.jpg\" data-alt=\"Large throw tent outdoor 3-4 persons automatic speed open throwing pop up windproof waterproof beach camping tent large space\" \/><img loading=\"lazy\" decoding=\"async\" src=\"\/\/sc01.alicdn.com\/kf\/HTB1Ko3ya5_1gK0jSZFqq6ApaXXa8\/222400006\/HTB1Ko3ya5_1gK0jSZFqq6ApaXXa8.jpg\" alt=\"Stort sl\u00e4ngt\u00e4lt utomhus 3-4 personer automatisk hastighet \u00f6ppen sl\u00e4ngning pop up vindt\u00e4tt vattent\u00e4tt strand campingt\u00e4lt stort utrymme\" width=\"750\" height=\"600\" data-src=\"\/\/sc01.alicdn.com\/kf\/HTB1Ko3ya5_1gK0jSZFqq6ApaXXa8\/222400006\/HTB1Ko3ya5_1gK0jSZFqq6ApaXXa8.jpg\" data-alt=\"Large throw tent outdoor 3-4 persons automatic speed open throwing pop up windproof waterproof beach camping tent large space\" \/><img decoding=\"async\" src=\"\/\/sc02.alicdn.com\/kf\/HTB1Hi7ya.T1gK0jSZFrq6ANCXXaS\/222400006\/HTB1Hi7ya.T1gK0jSZFrq6ANCXXaS.jpg\" alt=\"Stort sl\u00e4ngt\u00e4lt utomhus 3-4 personer automatisk hastighet \u00f6ppen sl\u00e4ngning pop up vindt\u00e4tt vattent\u00e4tt strand campingt\u00e4lt stort utrymme\" width=\"750\" height=\"678.75\" data-src=\"\/\/sc02.alicdn.com\/kf\/HTB1Hi7ya.T1gK0jSZFrq6ANCXXaS\/222400006\/HTB1Hi7ya.T1gK0jSZFrq6ANCXXaS.jpg\" data-alt=\"Large throw tent outdoor 3-4 persons automatic speed open throwing pop up windproof waterproof beach camping tent large space\" \/><img decoding=\"async\" src=\"\/\/sc01.alicdn.com\/kf\/HTB1bxR1aubviK0jSZFNq6yApXXaI\/222400006\/HTB1bxR1aubviK0jSZFNq6yApXXaI.jpg\" alt=\"Stort sl\u00e4ngt\u00e4lt utomhus 3-4 personer automatisk hastighet \u00f6ppen sl\u00e4ngning pop up vindt\u00e4tt vattent\u00e4tt strand campingt\u00e4lt stort utrymme\" width=\"750\" height=\"736.875\" data-src=\"\/\/sc01.alicdn.com\/kf\/HTB1bxR1aubviK0jSZFNq6yApXXaI\/222400006\/HTB1bxR1aubviK0jSZFNq6yApXXaI.jpg\" data-alt=\"Large throw tent outdoor 3-4 persons automatic speed open throwing pop up windproof waterproof beach camping tent large space\" \/><img decoding=\"async\" src=\"\/\/sc01.alicdn.com\/kf\/HTB1rewya2b2gK0jSZK9q6yEgFXae\/222400006\/HTB1rewya2b2gK0jSZK9q6yEgFXae.jpg\" alt=\"Stort sl\u00e4ngt\u00e4lt utomhus 3-4 personer automatisk hastighet \u00f6ppen sl\u00e4ngning pop up vindt\u00e4tt vattent\u00e4tt strand campingt\u00e4lt stort utrymme\" width=\"750\" height=\"786.5625\" data-src=\"\/\/sc01.alicdn.com\/kf\/HTB1rewya2b2gK0jSZK9q6yEgFXae\/222400006\/HTB1rewya2b2gK0jSZK9q6yEgFXae.jpg\" data-alt=\"Large throw tent outdoor 3-4 persons automatic speed open throwing pop up windproof waterproof beach camping tent large space\" \/><img decoding=\"async\" src=\"\/\/sc01.alicdn.com\/kf\/HTB1lMEAaYH1gK0jSZFwq6A7aXXaG\/222400006\/HTB1lMEAaYH1gK0jSZFwq6A7aXXaG.jpg\" alt=\"Stort sl\u00e4ngt\u00e4lt utomhus 3-4 personer automatisk hastighet \u00f6ppen sl\u00e4ngning pop up vindt\u00e4tt vattent\u00e4tt strand campingt\u00e4lt stort utrymme\" width=\"750\" height=\"676.875\" data-src=\"\/\/sc01.alicdn.com\/kf\/HTB1lMEAaYH1gK0jSZFwq6A7aXXaG\/222400006\/HTB1lMEAaYH1gK0jSZFwq6A7aXXaG.jpg\" data-alt=\"Large throw tent outdoor 3-4 persons automatic speed open throwing pop up windproof waterproof beach camping tent large space\" \/><img decoding=\"async\" src=\"\/\/sc01.alicdn.com\/kf\/HTB1U4wya7Y2gK0jSZFgq6A5OFXaP\/222400006\/HTB1U4wya7Y2gK0jSZFgq6A5OFXaP.jpg\" alt=\"Stort sl\u00e4ngt\u00e4lt utomhus 3-4 personer automatisk hastighet \u00f6ppen sl\u00e4ngning pop up vindt\u00e4tt vattent\u00e4tt strand campingt\u00e4lt stort utrymme\" width=\"750\" height=\"725.6250000000001\" data-src=\"\/\/sc01.alicdn.com\/kf\/HTB1U4wya7Y2gK0jSZFgq6A5OFXaP\/222400006\/HTB1U4wya7Y2gK0jSZFgq6A5OFXaP.jpg\" data-alt=\"Large throw tent outdoor 3-4 persons automatic speed open throwing pop up windproof waterproof beach camping tent large space\" \/><img decoding=\"async\" src=\"\/\/sc01.alicdn.com\/kf\/HTB1ZuMya2b2gK0jSZK9q6yEgFXad\/222400006\/HTB1ZuMya2b2gK0jSZK9q6yEgFXad.jpg\" alt=\"Stort sl\u00e4ngt\u00e4lt utomhus 3-4 personer automatisk hastighet \u00f6ppen sl\u00e4ngning pop up vindt\u00e4tt vattent\u00e4tt strand campingt\u00e4lt stort utrymme\" width=\"750\" height=\"684.375\" data-src=\"\/\/sc01.alicdn.com\/kf\/HTB1ZuMya2b2gK0jSZK9q6yEgFXad\/222400006\/HTB1ZuMya2b2gK0jSZK9q6yEgFXad.jpg\" data-alt=\"Large throw tent outdoor 3-4 persons automatic speed open throwing pop up windproof waterproof beach camping tent large space\" \/><img decoding=\"async\" src=\"\/\/sc02.alicdn.com\/kf\/HTB1cgUya7P2gK0jSZPxq6ycQpXaD\/222400006\/HTB1cgUya7P2gK0jSZPxq6ycQpXaD.jpg\" alt=\"Stort sl\u00e4ngt\u00e4lt utomhus 3-4 personer automatisk hastighet \u00f6ppen sl\u00e4ngning pop up vindt\u00e4tt vattent\u00e4tt strand campingt\u00e4lt stort utrymme\" width=\"750\" height=\"1042.5\" data-src=\"\/\/sc02.alicdn.com\/kf\/HTB1cgUya7P2gK0jSZPxq6ycQpXaD\/222400006\/HTB1cgUya7P2gK0jSZPxq6ycQpXaD.jpg\" data-alt=\"Large throw tent outdoor 3-4 persons automatic speed open throwing pop up windproof waterproof beach camping tent large space\" \/><img decoding=\"async\" src=\"\/\/sc02.alicdn.com\/kf\/HTB1v_ZzaYr1gK0jSZR0q6zP8XXaj\/222400006\/HTB1v_ZzaYr1gK0jSZR0q6zP8XXaj.jpg\" alt=\"Stort sl\u00e4ngt\u00e4lt utomhus 3-4 personer automatisk hastighet \u00f6ppen sl\u00e4ngning pop up vindt\u00e4tt vattent\u00e4tt strand campingt\u00e4lt stort utrymme\" width=\"750\" height=\"935.625\" data-src=\"\/\/sc02.alicdn.com\/kf\/HTB1v_ZzaYr1gK0jSZR0q6zP8XXaj\/222400006\/HTB1v_ZzaYr1gK0jSZR0q6zP8XXaj.jpg\" data-alt=\"Large throw tent outdoor 3-4 persons automatic speed open throwing pop up windproof waterproof beach camping tent large space\" \/><img decoding=\"async\" src=\"\/\/sc01.alicdn.com\/kf\/HTB1KH7BaYj1gK0jSZFOq6A7GpXag\/222400006\/HTB1KH7BaYj1gK0jSZFOq6A7GpXag.jpg\" alt=\"Stort sl\u00e4ngt\u00e4lt utomhus 3-4 personer automatisk hastighet \u00f6ppen sl\u00e4ngning pop up vindt\u00e4tt vattent\u00e4tt strand campingt\u00e4lt stort utrymme\" width=\"750\" height=\"736.875\" data-src=\"\/\/sc01.alicdn.com\/kf\/HTB1KH7BaYj1gK0jSZFOq6A7GpXag\/222400006\/HTB1KH7BaYj1gK0jSZFOq6A7GpXag.jpg\" data-alt=\"Large throw tent outdoor 3-4 persons automatic speed open throwing pop up windproof waterproof beach camping tent large space\" \/><\/p>\n<\/div>","protected":false},"excerpt":{"rendered":"<p>St\u00e5ngmaterial : glasfiber Typ : 3 \u2013 4 personers t\u00e4lt Tyg : Oxfordduk Lager : Dubbelt Stort sl\u00e4ngt\u00e4lt utomhus 3-4 personer automatisk hastighet \u00f6ppen kastning pop up vindt\u00e4tt vattent\u00e4tt strand campingt\u00e4lt stort utrymme 1, familjecampingt\u00e4lt \u00e4r popup-design , \u00f6ppnas p\u00e5 5 sekunder; hopf\u00e4llbar, l\u00e4tt att b\u00e4ra, endast 3,7 kg. 2, n\u00e4td\u00f6rrar<\/p>\n<div class=\"read-more\"><a class=\"btn btn-fill-out\" href=\"https:\/\/uoogear.com\/sv\/produkt\/large-throw-tent-outdoor-3-4-persons-automatic-speed-open-throwing-pop-up-windproof-waterproof-beach-camping-tent-large-space\/\">L\u00e4s mer<\/a><\/div>","protected":false},"featured_media":4850,"template":"","meta":[],"product_brand":[],"product_cat":[15],"product_tag":[],"class_list":{"0":"post-4852","1":"product","2":"type-product","3":"status-publish","4":"has-post-thumbnail","6":"product_cat-uncategorized","7":"tm-no-options","9":"first","10":"instock","11":"shipping-taxable","12":"purchasable","13":"product-type-variable"},"_links":{"self":[{"href":"https:\/\/uoogear.com\/sv\/wp-json\/wp\/v2\/product\/4852","targetHints":{"allow":["GET"]}}],"collection":[{"href":"https:\/\/uoogear.com\/sv\/wp-json\/wp\/v2\/product"}],"about":[{"href":"https:\/\/uoogear.com\/sv\/wp-json\/wp\/v2\/types\/product"}],"wp:featuredmedia":[{"embeddable":true,"href":"https:\/\/uoogear.com\/sv\/wp-json\/wp\/v2\/media\/4850"}],"wp:attachment":[{"href":"https:\/\/uoogear.com\/sv\/wp-json\/wp\/v2\/media?parent=4852"}],"wp:term":[{"taxonomy":"product_brand","embeddable":true,"href":"https:\/\/uoogear.com\/sv\/wp-json\/wp\/v2\/product_brand?post=4852"},{"taxonomy":"product_cat","embeddable":true,"href":"https:\/\/uoogear.com\/sv\/wp-json\/wp\/v2\/product_cat?post=4852"},{"taxonomy":"product_tag","embeddable":true,"href":"https:\/\/uoogear.com\/sv\/wp-json\/wp\/v2\/product_tag?post=4852"}],"curies":[{"name":"wp","href":"https:\/\/api.w.org\/{rel}","templated":true}]}}