{"id":4875,"date":"2023-11-14T02:56:57","date_gmt":"2023-11-14T02:56:57","guid":{"rendered":"https:\/\/uoogear.com\/product\/best-selling-abs-hard-shell-roof-top-tent-car-rooftop-tents-camping-outdoor-tents-for-suv-4x4\/"},"modified":"2023-11-30T08:56:48","modified_gmt":"2023-11-30T08:56:48","slug":"best-selling-abs-hard-shell-roof-top-tent-car-rooftop-tents-camping-outdoor-tents-for-suv-4x4","status":"publish","type":"product","link":"https:\/\/uoogear.com\/sv\/produkt\/best-selling-abs-hard-shell-roof-top-tent-car-rooftop-tents-camping-outdoor-tents-for-suv-4x4\/","title":{"rendered":"B\u00e4sts\u00e4ljande ABS Hard Shell Roof Top T\u00e4lt Bil Takt\u00e4lt Camping utomhust\u00e4lt f\u00f6r SUV 4\u00d74"},"content":{"rendered":"<ul>\n<li><strong>Omr\u00e5de: <\/strong> 210*210*110 cm<\/li>\n<li><strong>Tyg: <\/strong> T\/C<\/li>\n<li><strong>Yttert\u00e4lt Vattent\u00e4tt Index: <\/strong> 2000-3000 mm, &gt;3000 mm<\/li>\n<li><strong>Nedre vattent\u00e4ta index: <\/strong> 2000-3000 mm, &gt;3000 mm<\/li>\n<li><strong>Byggnadstyp: <\/strong> Snabb automatisk \u00f6ppning<\/li>\n<li><strong>T\u00e4ltstil: <\/strong> Kamouflage\/f\u00e4ltspel, diagonalstagstyp, ut\u00f6kad typ<\/li>\n<li><strong>S\u00e4song : <\/strong> Fyra s\u00e4songst\u00e4lt<\/li>\n<li><strong>Struktur: <\/strong> Ett sovrum<\/li>\n<li><strong>Material: <\/strong> T\/C bomull<\/li>\n<li><strong>Anv\u00e4ndning: <\/strong> Camping, vandring<\/li>\n<li><strong>Logotyp : <\/strong> Anpassad logotyp<\/li>\n<\/ul>\n<div>\n<div>\n<div data-magic-global=\"%7B%22bizId%22%3A2211849880387%2C%22pageId%22%3A21142784875%2C%22siteId%22%3A10002842041%7D\">\n<div><\/div>\n<div><\/div>\n<div>\n<div>\n<div>\n<div>\n<div>\n<div><img decoding=\"async\" src=\"https:\/\/uoogear.com\/wp-content\/uploads\/2023\/11\/H51e50b08a7ae48948587fe8f6af7aef58.webp\" data-src=\"https:\/\/uoogear.com\/wp-content\/uploads\/2023\/11\/H51e50b08a7ae48948587fe8f6af7aef58.webp\" \/><\/div>\n<\/div>\n<\/div>\n<\/div>\n<\/div>\n<\/div>\n<div><\/div>\n<\/div>\n<\/div>\n<div>\n<div>\n<div><img decoding=\"async\" src=\"https:\/\/uoogear.com\/wp-content\/uploads\/2023\/11\/H9144f56559b64f488698d47592278e7bb.webp\" data-src=\"https:\/\/uoogear.com\/wp-content\/uploads\/2023\/11\/H9144f56559b64f488698d47592278e7bb.webp\" \/><\/div>\n<div><img decoding=\"async\" src=\"https:\/\/uoogear.com\/wp-content\/uploads\/2023\/11\/Hc4c36bb1b9044adb9406d3b4783de7e30.webp\" data-src=\"https:\/\/uoogear.com\/wp-content\/uploads\/2023\/11\/Hc4c36bb1b9044adb9406d3b4783de7e30.webp\" \/><\/div>\n<div><img decoding=\"async\" src=\"https:\/\/uoogear.com\/wp-content\/uploads\/2023\/11\/H9c902c05e5c44ce8871f5e4d64ef2fc7k.webp\" data-src=\"https:\/\/uoogear.com\/wp-content\/uploads\/2023\/11\/H9c902c05e5c44ce8871f5e4d64ef2fc7k.webp\" \/><\/div>\n<\/div>\n<\/div>\n<div><\/div>\n<div>\n<div>\n<div>\n<div>\n<div><\/div>\n<\/div>\n<\/div>\n<\/div>\n<\/div>\n<div>\n<div>\n<div>\n<div>\n<div>\n<div><img decoding=\"async\" src=\"https:\/\/uoogear.com\/wp-content\/uploads\/2023\/11\/H799d223584554ec4ab220eb9d60b000dw.webp\" data-src=\"https:\/\/uoogear.com\/wp-content\/uploads\/2023\/11\/H799d223584554ec4ab220eb9d60b000dw.webp\" \/><\/div>\n<div><img decoding=\"async\" src=\"https:\/\/uoogear.com\/wp-content\/uploads\/2023\/11\/He9f65e441e164fee9c222138ff9859c50.webp\" data-src=\"https:\/\/uoogear.com\/wp-content\/uploads\/2023\/11\/He9f65e441e164fee9c222138ff9859c50.webp\" \/><\/div>\n<\/div>\n<\/div>\n<\/div>\n<\/div>\n<\/div>\n<div>\n<div>\n<div>\n<div>\n<div>\n<div><img decoding=\"async\" src=\"https:\/\/uoogear.com\/wp-content\/uploads\/2023\/11\/H09c5fde1f7ab40b9869b833f05f19de0F.webp\" data-src=\"https:\/\/uoogear.com\/wp-content\/uploads\/2023\/11\/H09c5fde1f7ab40b9869b833f05f19de0F.webp\" \/><\/div>\n<div><\/div>\n<\/div>\n<\/div>\n<\/div>\n<\/div>\n<\/div>\n<div>\n<div>\n<div>\n<div>\n<div>\n<div><\/div>\n<\/div>\n<\/div>\n<\/div>\n<\/div>\n<\/div>\n<\/div>","protected":false},"excerpt":{"rendered":"<p>Yta : 210*210*110cm Tyg : T\/C Yttert\u00e4lt Vattent\u00e4tt Index : 2000-3000 Mm, &gt;3000 mm Botten Vattent\u00e4t Index : 2000-3000 Mm, &gt;3000 mm Byggnadstyp : Snabbautomatisk \u00f6ppning T\u00e4ltstil : Kamouflage\/f\u00e4lt , Diagonal stagtyp, ut\u00f6kad typ S\u00e4song : Fyra-s\u00e4songst\u00e4ltstruktur : Ett sovrum Material : T\/C bomull Anv\u00e4ndning :<\/p>\n<div class=\"read-more\"><a class=\"btn btn-fill-out\" href=\"https:\/\/uoogear.com\/sv\/produkt\/best-selling-abs-hard-shell-roof-top-tent-car-rooftop-tents-camping-outdoor-tents-for-suv-4x4\/\">L\u00e4s mer<\/a><\/div>","protected":false},"featured_media":4874,"template":"","meta":[],"product_brand":[],"product_cat":[15],"product_tag":[],"class_list":{"0":"post-4875","1":"product","2":"type-product","3":"status-publish","4":"has-post-thumbnail","6":"product_cat-uncategorized","7":"tm-no-options","9":"first","10":"instock","11":"shipping-taxable","12":"purchasable","13":"product-type-variable"},"_links":{"self":[{"href":"https:\/\/uoogear.com\/sv\/wp-json\/wp\/v2\/product\/4875","targetHints":{"allow":["GET"]}}],"collection":[{"href":"https:\/\/uoogear.com\/sv\/wp-json\/wp\/v2\/product"}],"about":[{"href":"https:\/\/uoogear.com\/sv\/wp-json\/wp\/v2\/types\/product"}],"wp:featuredmedia":[{"embeddable":true,"href":"https:\/\/uoogear.com\/sv\/wp-json\/wp\/v2\/media\/4874"}],"wp:attachment":[{"href":"https:\/\/uoogear.com\/sv\/wp-json\/wp\/v2\/media?parent=4875"}],"wp:term":[{"taxonomy":"product_brand","embeddable":true,"href":"https:\/\/uoogear.com\/sv\/wp-json\/wp\/v2\/product_brand?post=4875"},{"taxonomy":"product_cat","embeddable":true,"href":"https:\/\/uoogear.com\/sv\/wp-json\/wp\/v2\/product_cat?post=4875"},{"taxonomy":"product_tag","embeddable":true,"href":"https:\/\/uoogear.com\/sv\/wp-json\/wp\/v2\/product_tag?post=4875"}],"curies":[{"name":"wp","href":"https:\/\/api.w.org\/{rel}","templated":true}]}}