{"id":4979,"date":"2023-11-14T03:11:40","date_gmt":"2023-11-14T03:11:40","guid":{"rendered":"https:\/\/uoogear.com\/product\/aluminum-hard-shell-suv-rooftop-tent-outdoor-camping-rooftop-tent\/"},"modified":"2023-11-30T13:27:18","modified_gmt":"2023-11-30T13:27:18","slug":"aluminum-hard-shell-suv-rooftop-tent-outdoor-camping-rooftop-tent","status":"publish","type":"product","link":"https:\/\/uoogear.com\/sv\/produkt\/aluminum-hard-shell-suv-rooftop-tent-outdoor-camping-rooftop-tent\/","title":{"rendered":"Aluminium Hard Shell SUV Takt\u00e4lt Utomhuscamping Takt\u00e4lt"},"content":{"rendered":"<ul>\n<li><strong>Tyg: <\/strong> Oxford<\/li>\n<li><strong>Yttert\u00e4lt Vattent\u00e4tt Index: <\/strong> &gt;3000 mm<\/li>\n<li><strong>Nedre vattent\u00e4ta index: <\/strong> &gt;3000 mm<\/li>\n<li><strong>Byggnadstyp: <\/strong> Snabb automatisk \u00f6ppning<\/li>\n<li><strong>T\u00e4ltstil: <\/strong> Rak stagtyp<\/li>\n<li><strong>S\u00e4song : <\/strong> Fyra s\u00e4songst\u00e4lt<\/li>\n<li><strong>Struktur: <\/strong> Ett sovrum<\/li>\n<li><strong>F\u00e4rg : <\/strong> Anpassad f\u00e4rg<\/li>\n<li><strong>Logotyp : <\/strong> Anpassad logotyp<\/li>\n<li><strong>Material: <\/strong> Aluminiumlegering+280G Canvas<\/li>\n<li><strong>Tillbeh\u00f6r : <\/strong> Installera verktyg<\/li>\n<li><strong>Vattent\u00e4t : <\/strong> 3000+<\/li>\n<li><strong>Stege: <\/strong> 2,3 m teleskopstege i aluminium<\/li>\n<li><strong>St\u00f6dst\u00e5ng: <\/strong> Rostfritt st\u00e5l + hydraulisk stav<\/li>\n<li><strong>Anv\u00e4ndning: <\/strong> Utomhus aktiviteter<\/li>\n<\/ul>\n<div>\n<div data-section=\"AliMagic-wvm5wl\" data-section-title=\"Product Description\">\n<p>Produktbeskrivning<\/p>\n<\/div>\n<div>\n<div>\n<div><\/div>\n<div><img decoding=\"async\" src=\"https:\/\/uoogear.com\/wp-content\/uploads\/2023\/11\/H1e4ee538be934666a3a642b4b7b86bf3J.webp\" data-src=\"https:\/\/uoogear.com\/wp-content\/uploads\/2023\/11\/H1e4ee538be934666a3a642b4b7b86bf3J.webp\" \/><\/div>\n<div><img decoding=\"async\" src=\"https:\/\/uoogear.com\/wp-content\/uploads\/2023\/11\/Hccd0d33a910d44009bf45bac54f88012Z.webp\" data-src=\"https:\/\/uoogear.com\/wp-content\/uploads\/2023\/11\/Hccd0d33a910d44009bf45bac54f88012Z.webp\" \/><\/div>\n<div><img decoding=\"async\" src=\"https:\/\/uoogear.com\/wp-content\/uploads\/2023\/11\/H82227ca55ebc475abc2b5e360261152fe.webp\" data-src=\"https:\/\/uoogear.com\/wp-content\/uploads\/2023\/11\/H82227ca55ebc475abc2b5e360261152fe.webp\" \/><\/div>\n<div><img decoding=\"async\" src=\"https:\/\/uoogear.com\/wp-content\/uploads\/2023\/11\/H3c4f84374ee14e0abd3eaa0bc4120364m.webp\" data-src=\"https:\/\/uoogear.com\/wp-content\/uploads\/2023\/11\/H3c4f84374ee14e0abd3eaa0bc4120364m.webp\" \/><\/div>\n<div><img decoding=\"async\" src=\"https:\/\/uoogear.com\/wp-content\/uploads\/2023\/11\/H684af57272a64d7abb27b44cd4a5c64cO.webp\" data-src=\"https:\/\/uoogear.com\/wp-content\/uploads\/2023\/11\/H684af57272a64d7abb27b44cd4a5c64cO.webp\" \/><\/div>\n<div><img decoding=\"async\" src=\"https:\/\/uoogear.com\/wp-content\/uploads\/2023\/11\/H2aa2dc5486854c819828530906c834ecI.webp\" data-src=\"https:\/\/uoogear.com\/wp-content\/uploads\/2023\/11\/H2aa2dc5486854c819828530906c834ecI.webp\" \/><\/div>\n<div><img decoding=\"async\" src=\"https:\/\/uoogear.com\/wp-content\/uploads\/2023\/11\/Hc6280ac2403d412d89126c575b90e614P.webp\" data-src=\"https:\/\/uoogear.com\/wp-content\/uploads\/2023\/11\/Hc6280ac2403d412d89126c575b90e614P.webp\" \/><\/div>\n<div><\/div>\n<div data-spm-anchor-id=\"a2700.details.0.i74.b4396abcgkgcqg\"><\/div>\n<\/div>\n<\/div>\n<\/div>","protected":false},"excerpt":{"rendered":"<p>Tyg: Oxford Yttert\u00e4lt Vattent\u00e4tt Index: &gt;3000 mm Botten Vattent\u00e4t Index: &gt;3000 mm Byggnadstyp: Snabb automatiskt \u00f6ppningsbar T\u00e4ltstil: Rak stagtyp S\u00e4song: Fyra-s\u00e4songst\u00e4ltstruktur: Ett sovrumsf\u00e4rg: Anpassad f\u00e4rglogotyp: Anpassad logotyp Material: Aluminiumlegering+280G Canvas Tillbeh\u00f6r: Installera verktyg Vattent\u00e4t:<\/p>\n<div class=\"read-more\"><a class=\"btn btn-fill-out\" href=\"https:\/\/uoogear.com\/sv\/produkt\/aluminum-hard-shell-suv-rooftop-tent-outdoor-camping-rooftop-tent\/\">L\u00e4s mer<\/a><\/div>","protected":false},"featured_media":4982,"template":"","meta":[],"product_brand":[],"product_cat":[15],"product_tag":[],"class_list":{"0":"post-4979","1":"product","2":"type-product","3":"status-publish","4":"has-post-thumbnail","6":"product_cat-uncategorized","7":"tm-no-options","9":"first","10":"instock","11":"shipping-taxable","12":"purchasable","13":"product-type-variable"},"_links":{"self":[{"href":"https:\/\/uoogear.com\/sv\/wp-json\/wp\/v2\/product\/4979","targetHints":{"allow":["GET"]}}],"collection":[{"href":"https:\/\/uoogear.com\/sv\/wp-json\/wp\/v2\/product"}],"about":[{"href":"https:\/\/uoogear.com\/sv\/wp-json\/wp\/v2\/types\/product"}],"wp:featuredmedia":[{"embeddable":true,"href":"https:\/\/uoogear.com\/sv\/wp-json\/wp\/v2\/media\/4982"}],"wp:attachment":[{"href":"https:\/\/uoogear.com\/sv\/wp-json\/wp\/v2\/media?parent=4979"}],"wp:term":[{"taxonomy":"product_brand","embeddable":true,"href":"https:\/\/uoogear.com\/sv\/wp-json\/wp\/v2\/product_brand?post=4979"},{"taxonomy":"product_cat","embeddable":true,"href":"https:\/\/uoogear.com\/sv\/wp-json\/wp\/v2\/product_cat?post=4979"},{"taxonomy":"product_tag","embeddable":true,"href":"https:\/\/uoogear.com\/sv\/wp-json\/wp\/v2\/product_tag?post=4979"}],"curies":[{"name":"wp","href":"https:\/\/api.w.org\/{rel}","templated":true}]}}