{"id":5005,"date":"2023-11-14T03:13:24","date_gmt":"2023-11-14T03:13:24","guid":{"rendered":"https:\/\/uoogear.com\/product\/2022-new-hard-shell-aluminum-suv-car-roof-top-tent-aluminum-shell-waterproof-camping-rooftop-tent\/"},"modified":"2024-04-02T22:25:23","modified_gmt":"2024-04-02T14:25:23","slug":"2022-new-hard-shell-aluminum-suv-car-roof-top-tent-aluminum-shell-waterproof-camping-rooftop-tent","status":"publish","type":"product","link":"https:\/\/uoogear.com\/sv\/produkt\/2022-new-hard-shell-aluminum-suv-car-roof-top-tent-aluminum-shell-waterproof-camping-rooftop-tent\/","title":{"rendered":"2022 nytt h\u00e5rt skal aluminium suv bil tak t\u00e4lt aluminium skal Vattent\u00e4tt camping tak t\u00e4lt"},"content":{"rendered":"<ul>\n<li><strong>Omr\u00e5de: <\/strong> 217*130*155cm<\/li>\n<li><strong>Tyg: <\/strong> Duk<\/li>\n<li><strong>Yttert\u00e4lt Vattent\u00e4tt Index: <\/strong> &gt;3000 mm<\/li>\n<li><strong>Nedre vattent\u00e4ta index: <\/strong> 2000-3000 mm<\/li>\n<li><strong>Byggnadstyp: <\/strong> Snabb automatisk \u00f6ppning<\/li>\n<li><strong>T\u00e4ltstil: <\/strong> Ut\u00f6kad typ<\/li>\n<li><strong>S\u00e4song : <\/strong> Tre-s\u00e4songst\u00e4lt<\/li>\n<li><strong>Struktur: <\/strong> Ett sovrum<\/li>\n<li><strong>Storlek: <\/strong> 217*130*155cm<\/li>\n<li><strong>Omslag : <\/strong> Skalk\u00e5pa av aluminium<\/li>\n<li><strong>Nederst: <\/strong> Aluminium<\/li>\n<li><strong>Stege: <\/strong> Teleskopstege i aluminium<\/li>\n<li><strong>Madrass: <\/strong> Icke-deformerande svampmadrass<\/li>\n<li><strong>1 st\/ctn GW: <\/strong> 82KG,225*137*33CMcm<\/li>\n<\/ul>\n<div>\n<div>\n<div data-magic-global=\"%7B%22bizId%22%3A3034306692%2C%22pageId%22%3A21077026857%2C%22siteId%22%3A5005259191%7D\">\n<div>\n<div>\n<div>\n<div>\n<div>\n<div><img decoding=\"async\" src=\"https:\/\/uoogear.com\/wp-content\/uploads\/2023\/11\/H08b8e51067574043bbe7ea9e5255ab78K.webp\" data-src=\"https:\/\/uoogear.com\/wp-content\/uploads\/2023\/11\/H08b8e51067574043bbe7ea9e5255ab78K.webp\" \/><\/div>\n<\/div>\n<\/div>\n<\/div>\n<\/div>\n<\/div>\n<div><\/div>\n<div>\n<div>\n<div>\n<div>\n<div>\n<div><\/div>\n<\/div>\n<\/div>\n<\/div>\n<\/div>\n<\/div>\n<div><\/div>\n<\/div>\n<\/div>\n<div data-section=\"AliMagic-ruejez\" data-section-title=\"Specification\">\n<div>Specifikation<\/div>\n<p>Specifikation<\/p>\n<\/div>\n<div>\n<div>\n<div>\n<h3>Huvudfunktion:<\/h3>\n<div>\n<div>\n<div>1. L\u00e4tt att \u00f6ppna och st\u00e4nga, oroa dig aldrig f\u00f6r kvaliteten. 2. H\u00e5ll dig borta fr\u00e5n regn, vind, v\u00e4ta, kyla och insekter. 3. G\u00f6r din sj\u00e4lvk\u00f6rande tur bekv\u00e4mare. 4. Heavy duty ABS-\u00f6verdrag ger effektivt skydd f\u00f6r t\u00e4ltet. 5. Stora f\u00f6nster ger bra ventilation och m\u00f6jligg\u00f6r st\u00f6rre luftfl\u00f6de i hela t\u00e4ltet. 6.Installationen \u00e4r enkel, en person kan slutf\u00f6ra. 7. Inget ljud n\u00e4r fordonet \u00e4r ig\u00e5ng. 8. Produkten \u00e4r l\u00e5g i pris och kan ers\u00e4tta husbilsresor.<\/div>\n<\/div>\n<\/div>\n<\/div>\n<\/div>\n<\/div>\n<div>\n<div>\n<div>\n<div>\n<div>\n<div><img decoding=\"async\" src=\"https:\/\/uoogear.com\/wp-content\/uploads\/2023\/11\/H70e73017a8f44a34864eb3e765c9c39e0.webp\" data-src=\"https:\/\/uoogear.com\/wp-content\/uploads\/2023\/11\/H70e73017a8f44a34864eb3e765c9c39e0.webp\" \/><\/div>\n<\/div>\n<\/div>\n<div>\n<div>\n<div>\n<table>\n<tbody>\n<tr>\n<td>\n<div>S\u00e4song<\/div>\n<\/td>\n<td>\n<div>Tre-s\u00e4songst\u00e4lt<\/div>\n<\/td>\n<\/tr>\n<tr>\n<td>\n<div>Strukturera<\/div>\n<\/td>\n<td>\n<div>Ett sovrum<\/div>\n<\/td>\n<\/tr>\n<tr>\n<td>\n<div>Storlek<\/div>\n<\/td>\n<td>\n<div>217*130*155cm<\/div>\n<\/td>\n<\/tr>\n<tr>\n<td>\n<div>Omslag<\/div>\n<\/td>\n<td>\n<div>Skalk\u00e5pa av aluminium<\/div>\n<\/td>\n<\/tr>\n<tr>\n<td>\n<div>Botten<\/div>\n<\/td>\n<td>\n<div>Aluminium<\/div>\n<\/td>\n<\/tr>\n<tr>\n<td>\n<div>Stege<\/div>\n<\/td>\n<td>\n<div>Teleskopstege i aluminium<\/div>\n<\/td>\n<\/tr>\n<tr>\n<td>\n<div>Madrass<\/div>\n<\/td>\n<td>\n<div>Icke-deformerande svampmadrass<\/div>\n<\/td>\n<\/tr>\n<tr>\n<td>\n<div>1 st\/ctn GW<\/div>\n<\/td>\n<td>\n<div>82KG,225*137*33CMcm<\/div>\n<\/td>\n<\/tr>\n<\/tbody>\n<\/table>\n<\/div>\n<\/div>\n<\/div>\n<\/div>\n<\/div>\n<\/div>\n<div>\n<div>\n<div><img decoding=\"async\" src=\"https:\/\/uoogear.com\/wp-content\/uploads\/2023\/11\/H43f42d0819a349b3a7659abec1bcb41dN.webp\" data-src=\"https:\/\/uoogear.com\/wp-content\/uploads\/2023\/11\/H43f42d0819a349b3a7659abec1bcb41dN.webp\" \/><\/div>\n<div><img decoding=\"async\" src=\"https:\/\/uoogear.com\/wp-content\/uploads\/2023\/11\/H828fcd72b34d4752b7e38a1a80d01505A.webp\" data-src=\"https:\/\/uoogear.com\/wp-content\/uploads\/2023\/11\/H828fcd72b34d4752b7e38a1a80d01505A.webp\" \/><\/div>\n<div><img decoding=\"async\" src=\"https:\/\/uoogear.com\/wp-content\/uploads\/2023\/11\/H64ae03066acd4d80a995b990565ee575Y.webp\" data-src=\"https:\/\/uoogear.com\/wp-content\/uploads\/2023\/11\/H64ae03066acd4d80a995b990565ee575Y.webp\" \/><\/div>\n<div><img decoding=\"async\" src=\"https:\/\/uoogear.com\/wp-content\/uploads\/2023\/11\/H5a45ba0a7b204f12bba19123bbc8f9adU.webp\" data-src=\"https:\/\/uoogear.com\/wp-content\/uploads\/2023\/11\/H5a45ba0a7b204f12bba19123bbc8f9adU.webp\" \/><\/div>\n<div><img decoding=\"async\" src=\"https:\/\/uoogear.com\/wp-content\/uploads\/2023\/11\/H9cd6a2826cf84a7d99381369d8d2e22bL.webp\" data-src=\"https:\/\/uoogear.com\/wp-content\/uploads\/2023\/11\/H9cd6a2826cf84a7d99381369d8d2e22bL.webp\" \/><\/div>\n<div><img decoding=\"async\" src=\"https:\/\/uoogear.com\/wp-content\/uploads\/2023\/11\/H70e73017a8f44a34864eb3e765c9c39e0.webp\" data-src=\"https:\/\/uoogear.com\/wp-content\/uploads\/2023\/11\/H70e73017a8f44a34864eb3e765c9c39e0.webp\" \/><\/div>\n<div><\/div>\n<\/div>\n<\/div>\n<\/div>","protected":false},"excerpt":{"rendered":"<p>Yta: 217*130*155CM Tyg: Kanvas Yttert\u00e4lt Vattent\u00e4tt Index: &gt;3000 mm Botten Vattent\u00e4t Index: 2000-3000 Mm Byggnadstyp: Snabbautomatisk \u00f6ppningsbar T\u00e4ltstil: F\u00f6rl\u00e4ngd Typ S\u00e4song: Tre-s\u00e4song T\u00e4ltstruktur: Ett sovrum217 Storlek *130*155CM Lock: Aluminium skalskydd Botten: Aluminium Stege: Aluminium Teleskopstege Madrass<\/p>\n<div class=\"read-more\"><a class=\"btn btn-fill-out\" href=\"https:\/\/uoogear.com\/sv\/produkt\/2022-new-hard-shell-aluminum-suv-car-roof-top-tent-aluminum-shell-waterproof-camping-rooftop-tent\/\">L\u00e4s mer<\/a><\/div>","protected":false},"featured_media":5004,"template":"","meta":[],"product_brand":[],"product_cat":[15],"product_tag":[],"class_list":{"0":"post-5005","1":"product","2":"type-product","3":"status-publish","4":"has-post-thumbnail","6":"product_cat-uncategorized","7":"tm-no-options","9":"first","10":"instock","11":"shipping-taxable","12":"purchasable","13":"product-type-variable"},"_links":{"self":[{"href":"https:\/\/uoogear.com\/sv\/wp-json\/wp\/v2\/product\/5005","targetHints":{"allow":["GET"]}}],"collection":[{"href":"https:\/\/uoogear.com\/sv\/wp-json\/wp\/v2\/product"}],"about":[{"href":"https:\/\/uoogear.com\/sv\/wp-json\/wp\/v2\/types\/product"}],"wp:featuredmedia":[{"embeddable":true,"href":"https:\/\/uoogear.com\/sv\/wp-json\/wp\/v2\/media\/5004"}],"wp:attachment":[{"href":"https:\/\/uoogear.com\/sv\/wp-json\/wp\/v2\/media?parent=5005"}],"wp:term":[{"taxonomy":"product_brand","embeddable":true,"href":"https:\/\/uoogear.com\/sv\/wp-json\/wp\/v2\/product_brand?post=5005"},{"taxonomy":"product_cat","embeddable":true,"href":"https:\/\/uoogear.com\/sv\/wp-json\/wp\/v2\/product_cat?post=5005"},{"taxonomy":"product_tag","embeddable":true,"href":"https:\/\/uoogear.com\/sv\/wp-json\/wp\/v2\/product_tag?post=5005"}],"curies":[{"name":"wp","href":"https:\/\/api.w.org\/{rel}","templated":true}]}}