{"id":5017,"date":"2023-11-14T03:14:31","date_gmt":"2023-11-14T03:14:31","guid":{"rendered":"https:\/\/uoogear.com\/product\/oem-new-arrival-car-camping-hard-top-roof-tent-off-road-2-3-person-vehicle-car-soft-shell-rooftop-tent\/"},"modified":"2023-11-30T13:53:44","modified_gmt":"2023-11-30T13:53:44","slug":"oem-new-arrival-car-camping-hard-top-roof-tent-off-road-2-3-person-vehicle-car-soft-shell-rooftop-tent","status":"publish","type":"product","link":"https:\/\/uoogear.com\/sv\/produkt\/oem-new-arrival-car-camping-hard-top-roof-tent-off-road-2-3-person-vehicle-car-soft-shell-rooftop-tent\/","title":{"rendered":"OEM New Arrival Car Camping Hard Top Roof T\u00e4lt Off Road 2-3 personers fordonsbil Soft Shell Takt\u00e4lt"},"content":{"rendered":"<ul>\n<li><strong>Omr\u00e5de: <\/strong> 140x240 cm<\/li>\n<li><strong>Tyg: <\/strong> Polyester<\/li>\n<li><strong>Yttert\u00e4lt Vattent\u00e4tt Index: <\/strong> 2000-3000 mm<\/li>\n<li><strong>Nedre vattent\u00e4ta index: <\/strong> 2000-3000 mm<\/li>\n<li><strong>Byggnadstyp: <\/strong> Snabb automatisk \u00f6ppning<\/li>\n<li><strong>T\u00e4ltstil: <\/strong> Diagonal stagtyp, rak stagtyp, tubtyp t\u00e4ltstake<\/li>\n<li><strong>S\u00e4song : <\/strong> Fyra s\u00e4songst\u00e4lt<\/li>\n<li><strong>Struktur: <\/strong> Ett sovrum<\/li>\n<li><strong>Regnfluga material: <\/strong> 420D Rip-stop polyester Oxford<\/li>\n<li><strong>Pol : <\/strong> Aluminium Poe dia 16mm<\/li>\n<li><strong>Reseskydd: <\/strong> Kraftig 680g\/1200D PVC<\/li>\n<li><strong>Garanti: <\/strong> 24 m\u00e5nader<\/li>\n<li><strong>Leveranstid : <\/strong> 20-35 dagar (beroende p\u00e5 kvantitet)<\/li>\n<li><strong>Madrass: <\/strong> 60 mm madrass med tv\u00e4ttbart \u00f6verdrag<\/li>\n<li><strong>Funktion : <\/strong> campingutrustning<\/li>\n<li><strong>F\u00e4rg : <\/strong> Anpassad f\u00e4rg<\/li>\n<\/ul>\n<div>\n<div><\/div>\n<div data-section=\"AliMagic-vxp9xy\" data-section-title=\"Product Description\">\n<div data-spm-anchor-id=\"a2700.details.0.i80.41396425f2L15f\"><\/div>\n<p>Produktbeskrivning<\/p>\n<\/div>\n<div>\n<div>\n<div>\n<div>\n<div>\n<div><img decoding=\"async\" src=\"https:\/\/uoogear.com\/wp-content\/uploads\/2023\/11\/Hc00efc1d3f82460892d1751fa97b7c0aE-wpp1701352124122.webp\" data-src=\"https:\/\/uoogear.com\/wp-content\/uploads\/2023\/11\/Hc00efc1d3f82460892d1751fa97b7c0aE-wpp1701352124122.webp\" \/><\/div>\n<\/div>\n<\/div>\n<div>\n<div>\n<div>\n<table>\n<tbody>\n<tr>\n<td>\n<div>\n<div><strong data-spm-anchor-id=\"a2700.pc-decorate.0.i1.1c083333HfoZmI\">Specifikation av QH8812 takt\u00e4lt<\/strong><\/div>\n<\/div>\n<\/td>\n<td><\/td>\n<\/tr>\n<tr>\n<td>\n<div>Fluga\/Annex<\/div>\n<\/td>\n<td>\n<div>420D Polyester Oxford, vattent\u00e4t 2500mm, UV- och m\u00f6gelbest\u00e4ndig<\/div>\n<\/td>\n<\/tr>\n<tr>\n<td>\n<div>Kropp<\/div>\n<\/td>\n<td>\n<div>420D Rip-stop polyester Oxford, vattent\u00e4t 2500 mm, UV- och m\u00f6gelbest\u00e4ndig<\/div>\n<\/td>\n<\/tr>\n<tr>\n<td>\n<div>Annexmaterial<\/div>\n<\/td>\n<td>\n<div>420D Rip-stop Polyester Oxford, vattent\u00e4t 2500 mm, UV- och m\u00f6gelbest\u00e4ndig (s\u00e4ljs separat); H\u00f6jd: 190cm<\/div>\n<\/td>\n<\/tr>\n<tr>\n<td>\n<div>Madrass<\/div>\n<\/td>\n<td>\n<div>H\u00f6gdensitetsmadrass 60 mm tjocklek med tv\u00e4ttbart \u00f6verdrag<\/div>\n<\/td>\n<\/tr>\n<tr>\n<td>\n<div>Reseskydd<\/div>\n<\/td>\n<td>\n<div>Kraftig 680g\/1200D PVC vattent\u00e4t och UV-best\u00e4ndig<\/div>\n<\/td>\n<\/tr>\n<tr>\n<td>\n<div>Bas<\/div>\n<\/td>\n<td>\n<div>Svetsat aluminiumr\u00f6r med isolering och repskyddande aluminiumpl\u00e5t<\/div>\n<\/td>\n<\/tr>\n<tr>\n<td>\n<div>Inre ram<\/div>\n<\/td>\n<td>\n<div>Aluminiumanodiserade stolpar<\/div>\n<\/td>\n<\/tr>\n<tr>\n<td>\n<div>Stege<\/div>\n<\/td>\n<td>\n<div>Aluminiumanodiserad stege<\/div>\n<\/td>\n<\/tr>\n<tr>\n<td>\n<div>\n<div data-spm-anchor-id=\"a2700.pc-decorate.0.i48.2eda3333SpY1cc\"><strong data-spm-anchor-id=\"a2700.pc-decorate.0.i30.eecc3333uJYTdk\">1 \u00d7 t\u00e4lt, 1 \u00d7 reseskydd, 1 \u00d7 aluminiumstege, 2 \u00d7 st\u00e5ng och 1 \u00d7 monteringsdelar<\/strong><\/div>\n<\/div>\n<\/td>\n<td><\/td>\n<\/tr>\n<\/tbody>\n<\/table>\n<\/div>\n<\/div>\n<\/div>\n<\/div>\n<\/div>\n<\/div>\n<div>\n<div>\n<div>\n<h3><\/h3>\n<h3>Funktionen hos takt\u00e4lt,<\/h3>\n<div>\n<div>\n<div>\n<p>\u2013 Levereras med universella monteringsf\u00e4sten<br \/>\n\u2013 Passar f\u00f6r de flesta takr\u00e4cken eller eftermarknadstakst\u00e4nger<br \/>\n\u2013 Enmansoperation g\u00f6r att den f\u00e4lls ut p\u00e5 n\u00e5gra sekunder<br \/>\n\u2013 Helt vattent\u00e4t f\u00f6r att undvika att fastna i<\/p>\n<p>&nbsp;<\/p>\n<p><strong>De tillg\u00e4ngliga storlekarna av takt\u00e4lt (med rekommenderade storlekar)<\/strong><\/p>\n<\/div>\n<\/div>\n<\/div>\n<\/div>\n<\/div>\n<\/div>\n<div>\n<div>\n<div>\n<div>\n<div>\n<div><img decoding=\"async\" src=\"https:\/\/uoogear.com\/wp-content\/uploads\/2023\/11\/Hc31f8e35aca1461aa0cbb4105d9a61abP.webp\" data-src=\"https:\/\/uoogear.com\/wp-content\/uploads\/2023\/11\/Hc31f8e35aca1461aa0cbb4105d9a61abP.webp\" \/><\/div>\n<\/div>\n<\/div>\n<\/div>\n<\/div>\n<\/div>\n<div>\n<div>\n<div><img decoding=\"async\" src=\"https:\/\/uoogear.com\/wp-content\/uploads\/2023\/11\/Hb47b7f33d8774c8d9d8f145084477468s-wpp1701352116189.webp\" data-src=\"https:\/\/uoogear.com\/wp-content\/uploads\/2023\/11\/Hb47b7f33d8774c8d9d8f145084477468s-wpp1701352116189.webp\" \/><\/div>\n<div><img decoding=\"async\" src=\"https:\/\/uoogear.com\/wp-content\/uploads\/2023\/11\/H95af614b1f6144878e0c202ba59abbd55.webp\" data-src=\"https:\/\/uoogear.com\/wp-content\/uploads\/2023\/11\/H95af614b1f6144878e0c202ba59abbd55.webp\" \/><\/div>\n<\/div>\n<\/div>\n<div>\n<div>\n<div>\n<div>\n<div>\n<div><img decoding=\"async\" src=\"https:\/\/uoogear.com\/wp-content\/uploads\/2023\/11\/Hdd406b698fb1446d8962327446555bf5a.webp\" data-src=\"https:\/\/uoogear.com\/wp-content\/uploads\/2023\/11\/Hdd406b698fb1446d8962327446555bf5a.webp\" \/><\/div>\n<\/div>\n<\/div>\n<\/div>\n<\/div>\n<\/div>\n<div>\n<div>\n<div>\n<div>\n<div>\n<div><img decoding=\"async\" src=\"https:\/\/uoogear.com\/wp-content\/uploads\/2023\/11\/H4e35f2ee80ce4365a400fd18854734071.webp\" data-src=\"https:\/\/uoogear.com\/wp-content\/uploads\/2023\/11\/H4e35f2ee80ce4365a400fd18854734071.webp\" \/><\/div>\n<\/div>\n<\/div>\n<\/div>\n<\/div>\n<\/div>\n<div><\/div>\n<div>\n<div>\n<div>\n<div>\n<div><\/div>\n<\/div>\n<\/div>\n<\/div>\n<\/div>\n<div><\/div>\n<div data-section=\"AliMagic-8wl18t\" data-section-title=\"Packing &amp; Delivery\" data-spm-anchor-id=\"a2700.details.0.i81.41396425f2L15f\">\n<div>Packning &amp; leverans<\/div>\n<\/div>\n<div>\n<div>\n<div>\n<div>\n<div>\n<div>\n<div><\/div>\n<p><strong>1. Packlistan f\u00f6r takt\u00e4ltet<\/strong><\/p>\n<\/div>\n<\/div>\n<\/div>\n<\/div>\n<\/div>\n<\/div>\n<div>\n<div>\n<div>\n<div>\n<div>\n<div><img decoding=\"async\" src=\"https:\/\/uoogear.com\/wp-content\/uploads\/2023\/11\/Hd244ed9420844ad5946be1db51c0f98cj.webp\" data-src=\"https:\/\/uoogear.com\/wp-content\/uploads\/2023\/11\/Hd244ed9420844ad5946be1db51c0f98cj.webp\" \/><\/div>\n<\/div>\n<\/div>\n<\/div>\n<\/div>\n<\/div>\n<div>\n<div>\n<div>\n<div>\n<div>\n<div><img decoding=\"async\" src=\"https:\/\/uoogear.com\/wp-content\/uploads\/2023\/11\/H68f81be1a77e4ae3973da19a1d9eaa4fq.webp\" data-src=\"https:\/\/uoogear.com\/wp-content\/uploads\/2023\/11\/H68f81be1a77e4ae3973da19a1d9eaa4fq.webp\" \/><\/div>\n<\/div>\n<\/div>\n<\/div>\n<\/div>\n<\/div>\n<div><\/div>\n<div>\n<div>\n<div>\n<div>\n<div>\n<div><\/div>\n<\/div>\n<\/div>\n<\/div>\n<\/div>\n<\/div>\n<\/div>","protected":false},"excerpt":{"rendered":"<p>Yta : 140x240cm Tyg : Polyester Yttert\u00e4lt Vattent\u00e4t Index : 2000-3000 Mm Botten Vattent\u00e4t Index : 2000-3000 Mm Byggnadstyp : Snabbt automatiskt \u00f6ppningsbart T\u00e4ltstil : Diagonal stagtyp, rak stagtyp, tubtyp T\u00e4ltst\u00e5ng S\u00e4song : Fyra s\u00e4songer Struktur: Ett sovrum Rainfly material: 420D Rip-stop polyester Oxford stolpe:<\/p>\n<div class=\"read-more\"><a class=\"btn btn-fill-out\" href=\"https:\/\/uoogear.com\/sv\/produkt\/oem-new-arrival-car-camping-hard-top-roof-tent-off-road-2-3-person-vehicle-car-soft-shell-rooftop-tent\/\">L\u00e4s mer<\/a><\/div>","protected":false},"featured_media":5016,"template":"","meta":[],"product_brand":[],"product_cat":[15],"product_tag":[],"class_list":{"0":"post-5017","1":"product","2":"type-product","3":"status-publish","4":"has-post-thumbnail","6":"product_cat-uncategorized","7":"tm-no-options","9":"first","10":"instock","11":"shipping-taxable","12":"purchasable","13":"product-type-variable"},"_links":{"self":[{"href":"https:\/\/uoogear.com\/sv\/wp-json\/wp\/v2\/product\/5017","targetHints":{"allow":["GET"]}}],"collection":[{"href":"https:\/\/uoogear.com\/sv\/wp-json\/wp\/v2\/product"}],"about":[{"href":"https:\/\/uoogear.com\/sv\/wp-json\/wp\/v2\/types\/product"}],"wp:featuredmedia":[{"embeddable":true,"href":"https:\/\/uoogear.com\/sv\/wp-json\/wp\/v2\/media\/5016"}],"wp:attachment":[{"href":"https:\/\/uoogear.com\/sv\/wp-json\/wp\/v2\/media?parent=5017"}],"wp:term":[{"taxonomy":"product_brand","embeddable":true,"href":"https:\/\/uoogear.com\/sv\/wp-json\/wp\/v2\/product_brand?post=5017"},{"taxonomy":"product_cat","embeddable":true,"href":"https:\/\/uoogear.com\/sv\/wp-json\/wp\/v2\/product_cat?post=5017"},{"taxonomy":"product_tag","embeddable":true,"href":"https:\/\/uoogear.com\/sv\/wp-json\/wp\/v2\/product_tag?post=5017"}],"curies":[{"name":"wp","href":"https:\/\/api.w.org\/{rel}","templated":true}]}}