{"id":5052,"date":"2023-11-14T03:18:21","date_gmt":"2023-11-14T03:18:21","guid":{"rendered":"https:\/\/uoogear.com\/product\/aluminum-honeycomb-board-hard-shell-pickup-truck-suv-car-rooftop-tent\/"},"modified":"2023-12-02T05:58:42","modified_gmt":"2023-12-02T05:58:42","slug":"aluminum-honeycomb-board-hard-shell-pickup-truck-suv-car-rooftop-tent","status":"publish","type":"product","link":"https:\/\/uoogear.com\/sv\/produkt\/aluminum-honeycomb-board-hard-shell-pickup-truck-suv-car-rooftop-tent\/","title":{"rendered":"Aluminium Honeycomb Board Hard Shell Pickup-truck SUV Bil takt\u00e4lt"},"content":{"rendered":"<ul>\n<li><strong>Tyg: <\/strong> Oxford<\/li>\n<li><strong>Yttert\u00e4lt Vattent\u00e4tt Index: <\/strong> &gt;3000 mm<\/li>\n<li><strong>Nedre vattent\u00e4ta index: <\/strong> &gt;3000 mm<\/li>\n<li><strong>Byggnadstyp: <\/strong> Snabb automatisk \u00f6ppning<\/li>\n<li><strong>T\u00e4ltstil: <\/strong> Diagonalstag typ<\/li>\n<li><strong>S\u00e4song : <\/strong> Fyra s\u00e4songst\u00e4lt<\/li>\n<li><strong>Struktur: <\/strong> Ett sovrum<\/li>\n<li><strong>F\u00e4rg : <\/strong> Anpassad f\u00e4rg<\/li>\n<li><strong>Logotyp : <\/strong> Anpassad logotyp<\/li>\n<li><strong>Material: <\/strong> Aluminium-magnesiumlegering<\/li>\n<li><strong>Stege: <\/strong> 2,3 m teleskopstege i aluminium<\/li>\n<li><strong>Madrass: <\/strong> 50 mm madrass<\/li>\n<\/ul>\n<div>\n<div data-section=\"AliMagic-w1nf0p\" data-section-title=\"Product Description\">\n<p>Produktbeskrivning<\/p>\n<\/div>\n<div>\n<div>\n<div>\n<div>\n<div>\n<div><img decoding=\"async\" src=\"https:\/\/uoogear.com\/wp-content\/uploads\/2023\/11\/H7f34fe0b39d94c9aba7bac1786e616a82.webp\" data-src=\"https:\/\/uoogear.com\/wp-content\/uploads\/2023\/11\/H7f34fe0b39d94c9aba7bac1786e616a82.webp\" \/><\/div>\n<\/div>\n<\/div>\n<\/div>\n<\/div>\n<\/div>\n<div>\n<div>\n<div><img decoding=\"async\" src=\"https:\/\/uoogear.com\/wp-content\/uploads\/2023\/11\/Ha2a0faf0a1f84f6ca81cfd7af1b91963G.webp\" data-src=\"https:\/\/uoogear.com\/wp-content\/uploads\/2023\/11\/Ha2a0faf0a1f84f6ca81cfd7af1b91963G.webp\" \/><\/div>\n<div><img decoding=\"async\" src=\"https:\/\/uoogear.com\/wp-content\/uploads\/2023\/11\/H245cec7ab07c447da5034950962aa639n.webp\" data-src=\"https:\/\/uoogear.com\/wp-content\/uploads\/2023\/11\/H245cec7ab07c447da5034950962aa639n.webp\" \/><\/div>\n<div><img decoding=\"async\" src=\"https:\/\/uoogear.com\/wp-content\/uploads\/2023\/11\/H2af6516fda85469688a0b2b5fc74a850m.webp\" data-src=\"https:\/\/uoogear.com\/wp-content\/uploads\/2023\/11\/H2af6516fda85469688a0b2b5fc74a850m.webp\" \/><\/div>\n<div><img decoding=\"async\" src=\"https:\/\/uoogear.com\/wp-content\/uploads\/2023\/11\/Hc6b61db2e3514dc7a8af79eab72e5c3dk.webp\" data-src=\"https:\/\/uoogear.com\/wp-content\/uploads\/2023\/11\/Hc6b61db2e3514dc7a8af79eab72e5c3dk.webp\" \/><\/div>\n<div><img decoding=\"async\" src=\"https:\/\/uoogear.com\/wp-content\/uploads\/2023\/11\/Hfe8f9a466d6040beb5ca038ecd6b97b2o.webp\" data-src=\"https:\/\/uoogear.com\/wp-content\/uploads\/2023\/11\/Hfe8f9a466d6040beb5ca038ecd6b97b2o.webp\" \/><\/div>\n<div><img decoding=\"async\" src=\"https:\/\/uoogear.com\/wp-content\/uploads\/2023\/11\/Hc708e9517a4243efbc26f65469ab7f17r.webp\" data-src=\"https:\/\/uoogear.com\/wp-content\/uploads\/2023\/11\/Hc708e9517a4243efbc26f65469ab7f17r.webp\" \/><\/div>\n<div><img decoding=\"async\" src=\"https:\/\/uoogear.com\/wp-content\/uploads\/2023\/11\/H90e43da2e25949be8ca22af3c8837628o.webp\" data-src=\"https:\/\/uoogear.com\/wp-content\/uploads\/2023\/11\/H90e43da2e25949be8ca22af3c8837628o.webp\" \/><\/div>\n<div><\/div>\n<div><img decoding=\"async\" src=\"https:\/\/uoogear.com\/wp-content\/uploads\/2023\/11\/Hcc481265eaf94929bff9b347f0d12907B.webp\" data-src=\"https:\/\/uoogear.com\/wp-content\/uploads\/2023\/11\/Hcc481265eaf94929bff9b347f0d12907B.webp\" \/><\/div>\n<div><img decoding=\"async\" src=\"https:\/\/uoogear.com\/wp-content\/uploads\/2023\/11\/H6d66213237d34b909268a7da7e3ae7121.webp\" data-src=\"https:\/\/uoogear.com\/wp-content\/uploads\/2023\/11\/H6d66213237d34b909268a7da7e3ae7121.webp\" \/><\/div>\n<\/div>\n<\/div>\n<div>\n<div>\n<div>\n<div>\n<div>\n<div><img decoding=\"async\" src=\"https:\/\/uoogear.com\/wp-content\/uploads\/2023\/11\/H7fd399f806d8408b9658e452d336d403z.webp\" data-src=\"https:\/\/uoogear.com\/wp-content\/uploads\/2023\/11\/H7fd399f806d8408b9658e452d336d403z.webp\" \/><\/div>\n<\/div>\n<\/div>\n<\/div>\n<\/div>\n<\/div>\n<div><\/div>\n<div data-section=\"AliMagic-y1y5fa\" data-section-title=\"Product packaging\">\n<div><\/div>\n<\/div>\n<div>\n<div>\n<div>\n<div>\n<div><\/div>\n<\/div>\n<\/div>\n<\/div>\n<\/div>\n<\/div>","protected":false},"excerpt":{"rendered":"<p>Tyg: Oxford Yttert\u00e4lt Vattent\u00e4tt Index: &gt;3000 mm Botten Vattent\u00e4t Index: &gt;3000 mm Byggnadstyp: Snabbautomatisk \u00f6ppning T\u00e4ltstil: Diagonal stagtyp S\u00e4song: Fyra-s\u00e4songst\u00e4lt Struktur: Ett sovrum F\u00e4rg: Anpassad f\u00e4rglogotyp: Anpassad logotyp Material: Aluminium-magnesiumlegering stege: 2,3 m aluminium teleskopisk stege madrass<\/p>\n<div class=\"read-more\"><a class=\"btn btn-fill-out\" href=\"https:\/\/uoogear.com\/sv\/produkt\/aluminum-honeycomb-board-hard-shell-pickup-truck-suv-car-rooftop-tent\/\">L\u00e4s mer<\/a><\/div>","protected":false},"featured_media":5051,"template":"","meta":[],"product_brand":[],"product_cat":[15],"product_tag":[],"class_list":{"0":"post-5052","1":"product","2":"type-product","3":"status-publish","4":"has-post-thumbnail","6":"product_cat-uncategorized","7":"tm-has-options","9":"first","10":"instock","11":"shipping-taxable","12":"purchasable","13":"product-type-variable"},"_links":{"self":[{"href":"https:\/\/uoogear.com\/sv\/wp-json\/wp\/v2\/product\/5052","targetHints":{"allow":["GET"]}}],"collection":[{"href":"https:\/\/uoogear.com\/sv\/wp-json\/wp\/v2\/product"}],"about":[{"href":"https:\/\/uoogear.com\/sv\/wp-json\/wp\/v2\/types\/product"}],"wp:featuredmedia":[{"embeddable":true,"href":"https:\/\/uoogear.com\/sv\/wp-json\/wp\/v2\/media\/5051"}],"wp:attachment":[{"href":"https:\/\/uoogear.com\/sv\/wp-json\/wp\/v2\/media?parent=5052"}],"wp:term":[{"taxonomy":"product_brand","embeddable":true,"href":"https:\/\/uoogear.com\/sv\/wp-json\/wp\/v2\/product_brand?post=5052"},{"taxonomy":"product_cat","embeddable":true,"href":"https:\/\/uoogear.com\/sv\/wp-json\/wp\/v2\/product_cat?post=5052"},{"taxonomy":"product_tag","embeddable":true,"href":"https:\/\/uoogear.com\/sv\/wp-json\/wp\/v2\/product_tag?post=5052"}],"curies":[{"name":"wp","href":"https:\/\/api.w.org\/{rel}","templated":true}]}}